{"id":4333,"date":"2025-08-01T16:06:55","date_gmt":"2025-08-01T14:06:55","guid":{"rendered":"https:\/\/cocokitecolombia.com\/?page_id=4333"},"modified":"2025-08-01T16:07:33","modified_gmt":"2025-08-01T14:07:33","slug":"terms-and-conditions-es","status":"publish","type":"page","link":"https:\/\/cocokitecolombia.com\/index.php\/es\/terms-and-conditions-es\/","title":{"rendered":"Terms and Conditions \u2013 Espa\u00f1ol"},"content":{"rendered":"\n<div class=\"wp-block-uagb-container uagb-block-a84b47a8 alignfull uagb-is-root-container\"><div class=\"uagb-container-inner-blocks-wrap\">\n<div data-aos= \"fade-up\" data-aos-duration=\"400\" data-aos-delay=\"0\" data-aos-easing=\"ease\" data-aos-once=\"true\" class=\"wp-block-uagb-info-box uagb-block-63603b07 uagb-infobox__content-wrap  uagb-infobox-icon-above-title uagb-infobox-image-valign-top wp-block-uagb-info-box--has-margin banner-text\"><div class=\"uagb-infobox-margin-wrapper\"><div class=\"uagb-ifb-content\"><div class=\"uagb-ifb-title-wrap\"><h1 class=\"uagb-ifb-title\"><mark style=\"background-color:var(--ast-global-color-4)\" class=\"has-inline-color has-ast-global-color-0-color\"><mark style=\"background-color:var(--ast-global-color-4)\" class=\"has-inline-color has-ast-global-color-0-color\"><strong>T\u00e9rminos y Condiciones<\/strong><\/mark><\/mark><\/h1><\/div><\/div><\/div><\/div>\n<\/div><\/div>\n\n\n\n<p id=\"block-ccf82b5c-308c-42aa-8841-5a058c331b1b\"><strong>Reservas<\/strong><\/p>\n\n\n\n<p id=\"block-6184a8ca-d0e4-4d39-a281-176636fd597c\">Las reservas de cursos se confirman al recibir un dep\u00f3sito del 50% del servicio seleccionado por persona. El pago del saldo debe realizarse a m\u00e1s tardar el primer d\u00eda del curso.<\/p>\n\n\n\n<p id=\"block-7519d584-654f-4b66-abd4-4d67db9f8142\"><strong>Reembolso<\/strong><\/p>\n\n\n\n<p id=\"block-88e1a904-f775-4196-a072-4579c9d11887\">En caso de que las condiciones clim\u00e1ticas no permitan la pr\u00e1ctica de la actividad, los cursos no se cobrar\u00e1n y se reembolsar\u00e1 el 100% de las reservas. Como entusiastas del viento, nuestro objetivo es compartir nuestra pasi\u00f3n contigo, por lo tanto, cancelamos cualquier curso que carezca de las condiciones correctas para la pr\u00e1ctica. \u00bfNo est\u00e1s seguro de qu\u00e9 hacer en tu tiempo libre? Propondremos actividades alternativas que no requieran viento (Stand Up Paddle: SUP, wing foil, wing skate, yoga). Si las condiciones cambian durante un curso, impidiendo su finalizaci\u00f3n, se calcular\u00e1 una duraci\u00f3n prorrateada, con la opci\u00f3n de reembolsar la diferencia o proporcionar un vale para uso futuro.<\/p>\n\n\n\n<p id=\"block-dc7ed24c-0851-4b31-954d-718b545617c9\"><strong><strong>Organizaci\u00f3n y horario<\/strong><\/strong><\/p>\n\n\n\n<p id=\"block-61f52c72-8f34-4c0a-a889-ff8c938f081d\">Nuestras lecciones est\u00e1n estructuradas en turnos. Operamos en turnos de 2 horas para clases privadas y turnos de 3 horas en clases semiprivadas (2 estudiantes con un instructor). Las clases pueden tener lugar entre las 9 a.m. y las 6 p.m., dependiendo de las condiciones y, especialmente, del viento.<\/p>\n\n\n\n<p id=\"block-2e0ccf7c-a2c4-45f1-a777-0eb6f5c2541d\">El instructor es libre de elegir el horario, organizar los cursos y seleccionar el equipo adecuado. Las modificaciones en el horario y los objetivos pedag\u00f3gicos pueden ocurrir seg\u00fan las condiciones clim\u00e1ticas o las aspiraciones del estudiante. Los estudiantes deben estar listos y disponibles para los cambios de horario; de lo contrario, su ausencia no dar\u00e1 lugar a una reprogramaci\u00f3n o a un reembolso. Algunos cursos pueden ser m\u00e1s largos para anticipar o compensar condiciones de viento menos favorables. La duraci\u00f3n se considerar\u00e1 en el total de horas del curso.<\/p>\n\n\n\n<p id=\"block-af8b1aa0-fd04-44a5-b2c4-ddcc5d30f63a\"><strong><strong>Riesgos inherentes al kitesurf<\/strong><\/strong><\/p>\n\n\n\n<p id=\"block-84327197-07aa-4c2e-9498-6a47a71e7879\">El kitesurf es un deporte extremo y las reglas dadas por el instructor deben seguirse escrupulosamente en todo momento. Usted entiende y reconoce que las actividades de kitesurf implican peligros inherentes que no se pueden eliminar por completo con cuidado, precauci\u00f3n, ense\u00f1anza o experiencia. Usted asume de forma expresa y voluntaria cualquier riesgo de lesi\u00f3n personal o muerte mientras participa, independientemente de la negligencia de las partes exentas.<\/p>\n\n\n\n<p id=\"block-b2359a39-7461-4e69-8bbe-1000f6eab0d3\">El kitesurf es un deporte al aire libre en \u00e1reas naturales abiertas con l\u00edmites que deben respetarse. Depende de condiciones clim\u00e1ticas inherentemente aleatorias y a veces impredecibles. Siempre vaya acompa\u00f1ado de expertos en los downwinders y pregunte sobre las condiciones clim\u00e1ticas.<\/p>\n\n\n\n<p id=\"block-d0abf80d-9d78-4d64-96e6-5ad07f84b7aa\"><strong>Descargo de responsabilidad:<\/strong><\/p>\n\n\n\n<p id=\"block-e6f138ed-4032-4d51-b9b2-5c0c354831a4\">Coco Kite School no se hace responsable por da\u00f1os a la propiedad o lesiones corporales de ning\u00fan tipo. Tampoco se hace responsable por el robo o la p\u00e9rdida de art\u00edculos personales.<\/p>\n\n\n\n<p id=\"block-331be1f3-ef53-4a33-b33c-e6e59ebdd9e9\"><strong><strong>Rotura de equipo<\/strong><\/strong><\/p>\n\n\n\n<p id=\"block-9aa45535-5b0a-4825-81e3-1a01a1115e94\">Durante el curso, si se siguen las instrucciones de seguridad, la escuela es responsable de cualquier rotura de equipo, ya que el estudiante a\u00fan no se considera aut\u00f3nomo. En caso de incumplimiento de la informaci\u00f3n de seguridad por parte del estudiante, el costo se compartir\u00e1 (50% escuela &#8211; 50% estudiante). Para navegaci\u00f3n avanzada, freestyle, alquiler o cursos supervisados, el estudiante se considera aut\u00f3nomo y responsable de su equipo. El deterioro o la p\u00e9rdida de cualquier equipo de la escuela es enteramente responsabilidad del estudiante (100%) y se facturar\u00e1 en su totalidad.<\/p>\n\n\n\n<p id=\"block-3f761313-25b1-483b-a658-0b9311b4c2e1\"><strong>Seguro<\/strong><\/p>\n\n\n\n<p id=\"block-4b32dd58-a114-4bb2-8491-622e78c6b63f\">El seguro de responsabilidad civil (RC) es obligatorio para el kitesurf y cubre los riesgos a terceros resultantes de maniobras inadvertidas que causen da\u00f1os a terceros. Coco Kite School le proporciona Colasistencia Extremo y Colasistencia Visitor Extremo durante los cursos para principiantes o kite trips. No es aplicable para servicios de alquiler o asistencia, o cursos avanzados.<\/p>\n\n\n\n<p id=\"block-ebac560e-c0ff-428e-aed1-d3447f026c2c\"><strong><strong>Aplazamiento y cancelaci\u00f3n<\/strong><\/strong><\/p>\n\n\n\n<p id=\"block-8ee1a40e-0439-4726-8cc7-a617c0391721\"><strong>Cancelaci\u00f3n<\/strong><\/p>\n\n\n\n<p id=\"block-9f780f66-7a39-43a0-9679-cde80c8c3121\">La cancelaci\u00f3n por parte del estudiante es posible con el acuerdo previo de ambas partes bajo las siguientes condiciones:<\/p>\n\n\n\n<ul id=\"block-6aaf8ff1-c962-41b5-ba4e-934dc57f6a9c\" class=\"wp-block-list\">\n<li>Un curso cancelado con una semana o m\u00e1s de antelaci\u00f3n a la primera sesi\u00f3n programada ser\u00e1 reembolsado en su totalidad.<\/li>\n\n\n\n<li>Un curso cancelado con menos de una semana de antelaci\u00f3n a la primera sesi\u00f3n programada retendr\u00e1 el dep\u00f3sito de reserva del 50%.<\/li>\n<\/ul>\n\n\n\n<p id=\"block-f443aab9-6d40-4c22-baf4-ffbe7d95c3da\"><strong><strong>Casos de cancelaci\u00f3n<\/strong><\/strong><\/p>\n\n\n\n<p id=\"block-5cea2b0a-058f-42e6-a3a9-29a1cc264ac9\">Dependiendo del n\u00famero de participantes en el curso semiprivado, la duraci\u00f3n del curso var\u00eda:<\/p>\n\n\n\n<ul id=\"block-76256253-6372-4d0a-abc6-5535db805558\" class=\"wp-block-list\">\n<li>Si un curso semiprivado tiene solo 1 participante, se convierte en una lecci\u00f3n privada con una duraci\u00f3n de 2 horas (en lugar de 3 horas) sin costo adicional.<\/li>\n\n\n\n<li>La no asistencia a un curso registrado resulta en la facturaci\u00f3n total de ese curso o en el conteo de las horas completadas ese d\u00eda por el instructor.<\/li>\n<\/ul>\n\n\n\n<p id=\"block-66e37dcd-e560-4cca-bb97-861e435c00e5\"><strong>Cancelaci\u00f3n por la Escuela:<\/strong><\/p>\n\n\n\n<ul id=\"block-7dee55bc-e09b-4d0c-b81c-6e0291272d16\" class=\"wp-block-list\">\n<li>El cliente\/estudiante est\u00e1 obligado a cuidar de su propia seguridad, la seguridad de otros participantes y otras personas en las cercan\u00edas. El estudiante debe estar en el mejor estado de salud y debe declarar cualquier condici\u00f3n m\u00e9dica que pueda afectar su seguridad o la de otros mientras participa en lecciones de kitesurf \/ surf. En caso de duda, Coco Kite recomienda consultar a un m\u00e9dico de cabecera.<\/li>\n\n\n\n<li>Durante la pr\u00e1ctica de kitesurf o cualquier tipo de lecciones, el estudiante no debe estar bajo la influencia de alcohol, drogas u otros sedantes. Las lecciones son gestionadas por los instructores y Coco Kite. El estudiante debe considerar y respetar sus instrucciones durante la pr\u00e1ctica. El instructor puede suspender a un estudiante de las lecciones si se comporta de manera peligrosa. En este caso, Coco Kite no reembolsar\u00e1 ning\u00fan dinero.<\/li>\n<\/ul>\n\n\n\n<p id=\"block-cada5b6b-acf3-4586-aa6c-9153614916f6\"><strong>Aplazamiento<\/strong><\/p>\n\n\n\n<ul id=\"block-750ab4f2-3b5a-4067-af97-e931cda022bf\" class=\"wp-block-list\">\n<li>Aceptamos el aplazamiento con un acuerdo previo de un m\u00ednimo de una semana.<\/li>\n\n\n\n<li>Un curso aplazado con menos de una semana de antelaci\u00f3n a la primera sesi\u00f3n programada retendr\u00e1 el dep\u00f3sito de reserva, excepto en el caso de una muerte familiar, un accidente personal o una enfermedad grave que impida al estudiante completar el curso siguiendo los protocolos de seguridad.<\/li>\n<\/ul>\n\n\n\n<p id=\"block-c4482d45-c9ab-4647-98fb-364556768157\"><strong>Cumplimiento de las instrucciones y del equipo<\/strong><\/p>\n\n\n\n<p id=\"block-ef22e0ce-5c85-44af-9351-81f8094d3bfc\">En un curso de kitesurf, usted se compromete a respetar:<\/p>\n\n\n\n<ul id=\"block-3b8cbfc3-6c33-4275-b563-1b92080e7488\" class=\"wp-block-list\">\n<li>Las instrucciones del instructor,<\/li>\n\n\n\n<li>Las reglas de seguridad y los consejos dados,<\/li>\n\n\n\n<li>El equipo confiado,<\/li>\n\n\n\n<li>Los sitios y alrededores donde operar\u00e1.<\/li>\n\n\n\n<li>Utilice el equipo de kitesurf de manera razonable y segura para evitar poner en peligro vidas humanas o propiedades.<\/li>\n\n\n\n<li>Usted reconoce y acepta que:\n<ol class=\"wp-block-list\">\n<li>No est\u00e1 bajo la influencia de alcohol o drogas,<\/li>\n\n\n\n<li>Est\u00e1 en buen estado de salud sin condiciones que afecten la pr\u00e1ctica de kitesurf,<\/li>\n\n\n\n<li>No est\u00e1 embarazada ni en per\u00edodo de lactancia,<\/li>\n<\/ol>\n<\/li>\n\n\n\n<li>No tiene ninguna discapacidad mental que afecte el juicio o interfiera con la informaci\u00f3n proporcionada durante la pr\u00e1ctica de kitesurf.<\/li>\n\n\n\n<li>Puede nadar en aguas profundas.<\/li>\n<\/ul>\n\n\n\n<p id=\"block-43c3fd66-c602-4806-bd59-1943f24705a0\"><strong>Compromiso<\/strong><\/p>\n\n\n\n<p id=\"block-68dcc657-e3fe-4a8f-9c27-73044bc3104e\">Estos t\u00e9rminos y condiciones generales constituyen un contrato de compromiso rec\u00edproco entre las dos partes. La escuela se compromete a respetar los t\u00e9rminos como m\u00ednimo. Cualquier otra decisi\u00f3n se concluye amistosamente entre el estudiante y el instructor. Si es diferente, solo puede ser m\u00e1s ventajosa para el estudiante. La reserva o la toma de una lecci\u00f3n implica la aceptaci\u00f3n total e incondicional de estos t\u00e9rminos y condiciones.<\/p>\n\n\n\n<p><\/p>\n","protected":false},"excerpt":{"rendered":"<p>Reservas Las reservas de cursos se confirman al recibir un dep\u00f3sito del 50% del servicio seleccionado por persona. El pago del saldo debe realizarse a m\u00e1s tardar el primer d\u00eda del curso. Reembolso En caso de que las condiciones clim\u00e1ticas no permitan la pr\u00e1ctica de la actividad, los cursos no se cobrar\u00e1n y se reembolsar\u00e1 [&hellip;]<\/p>\n","protected":false},"author":1,"featured_media":0,"parent":0,"menu_order":0,"comment_status":"closed","ping_status":"closed","template":"","meta":{"_uag_custom_page_level_css":"","site-sidebar-layout":"no-sidebar","site-content-layout":"plain-container","ast-site-content-layout":"normal-width-container","site-content-style":"unboxed","site-sidebar-style":"unboxed","ast-global-header-display":"","ast-banner-title-visibility":"","ast-main-header-display":"","ast-hfb-above-header-display":"","ast-hfb-below-header-display":"","ast-hfb-mobile-header-display":"","site-post-title":"disabled","ast-breadcrumbs-content":"disabled","ast-featured-img":"disabled","footer-sml-layout":"","ast-disable-related-posts":"","theme-transparent-header-meta":"enabled","adv-header-id-meta":"","stick-header-meta":"","header-above-stick-meta":"","header-main-stick-meta":"","header-below-stick-meta":"","astra-migrate-meta-layouts":"set","ast-page-background-enabled":"default","ast-page-background-meta":{"desktop":{"background-color":"","background-image":"","background-repeat":"repeat","background-position":"center center","background-size":"auto","background-attachment":"scroll","background-type":"","background-media":"","overlay-type":"","overlay-color":"","overlay-opacity":"","overlay-gradient":""},"tablet":{"background-color":"","background-image":"","background-repeat":"repeat","background-position":"center center","background-size":"auto","background-attachment":"scroll","background-type":"","background-media":"","overlay-type":"","overlay-color":"","overlay-opacity":"","overlay-gradient":""},"mobile":{"background-color":"","background-image":"","background-repeat":"repeat","background-position":"center center","background-size":"auto","background-attachment":"scroll","background-type":"","background-media":"","overlay-type":"","overlay-color":"","overlay-opacity":"","overlay-gradient":""}},"ast-content-background-meta":{"desktop":{"background-color":"var(--ast-global-color-5)","background-image":"","background-repeat":"repeat","background-position":"center center","background-size":"auto","background-attachment":"scroll","background-type":"","background-media":"","overlay-type":"","overlay-color":"","overlay-opacity":"","overlay-gradient":""},"tablet":{"background-color":"var(--ast-global-color-5)","background-image":"","background-repeat":"repeat","background-position":"center center","background-size":"auto","background-attachment":"scroll","background-type":"","background-media":"","overlay-type":"","overlay-color":"","overlay-opacity":"","overlay-gradient":""},"mobile":{"background-color":"var(--ast-global-color-5)","background-image":"","background-repeat":"repeat","background-position":"center center","background-size":"auto","background-attachment":"scroll","background-type":"","background-media":"","overlay-type":"","overlay-color":"","overlay-opacity":"","overlay-gradient":""}},"footnotes":""},"class_list":["post-4333","page","type-page","status-publish","hentry"],"uagb_featured_image_src":{"full":false,"thumbnail":false,"medium":false,"medium_large":false,"large":false,"1536x1536":false,"2048x2048":false},"uagb_author_info":{"display_name":"cocokitecolombia","author_link":"https:\/\/cocokitecolombia.com\/index.php\/author\/cocokitecolombia\/"},"uagb_comment_info":0,"uagb_excerpt":"Reservas Las reservas de cursos se confirman al recibir un dep\u00f3sito del 50% del servicio seleccionado por persona. El pago del saldo debe realizarse a m\u00e1s tardar el primer d\u00eda del curso. Reembolso En caso de que las condiciones clim\u00e1ticas no permitan la pr\u00e1ctica de la actividad, los cursos no se cobrar\u00e1n y se reembolsar\u00e1&hellip;","_links":{"self":[{"href":"https:\/\/cocokitecolombia.com\/index.php\/wp-json\/wp\/v2\/pages\/4333","targetHints":{"allow":["GET"]}}],"collection":[{"href":"https:\/\/cocokitecolombia.com\/index.php\/wp-json\/wp\/v2\/pages"}],"about":[{"href":"https:\/\/cocokitecolombia.com\/index.php\/wp-json\/wp\/v2\/types\/page"}],"author":[{"embeddable":true,"href":"https:\/\/cocokitecolombia.com\/index.php\/wp-json\/wp\/v2\/users\/1"}],"replies":[{"embeddable":true,"href":"https:\/\/cocokitecolombia.com\/index.php\/wp-json\/wp\/v2\/comments?post=4333"}],"version-history":[{"count":3,"href":"https:\/\/cocokitecolombia.com\/index.php\/wp-json\/wp\/v2\/pages\/4333\/revisions"}],"predecessor-version":[{"id":4341,"href":"https:\/\/cocokitecolombia.com\/index.php\/wp-json\/wp\/v2\/pages\/4333\/revisions\/4341"}],"wp:attachment":[{"href":"https:\/\/cocokitecolombia.com\/index.php\/wp-json\/wp\/v2\/media?parent=4333"}],"curies":[{"name":"wp","href":"https:\/\/api.w.org\/{rel}","templated":true}]}}