{"id":4347,"date":"2025-08-01T16:51:52","date_gmt":"2025-08-01T14:51:52","guid":{"rendered":"https:\/\/cocokitecolombia.com\/?page_id=4347"},"modified":"2025-12-02T16:58:33","modified_gmt":"2025-12-02T15:58:33","slug":"privacy-notice-es","status":"publish","type":"page","link":"https:\/\/cocokitecolombia.com\/index.php\/es\/privacy-notice-es\/","title":{"rendered":"Privacy Notice \u2013 Espa\u00f1ol"},"content":{"rendered":"\n<div class=\"wp-block-uagb-container uagb-block-a84b47a8 alignfull uagb-is-root-container\"><div class=\"uagb-container-inner-blocks-wrap\">\n<div data-aos= \"fade-up\" data-aos-duration=\"400\" data-aos-delay=\"0\" data-aos-easing=\"ease\" data-aos-once=\"true\" class=\"wp-block-uagb-info-box uagb-block-63603b07 uagb-infobox__content-wrap  uagb-infobox-icon-above-title uagb-infobox-image-valign-top wp-block-uagb-info-box--has-margin banner-text\"><div class=\"uagb-infobox-margin-wrapper\"><div class=\"uagb-ifb-content\"><div class=\"uagb-ifb-title-wrap\"><h1 class=\"uagb-ifb-title\"><mark style=\"background-color:var(--ast-global-color-4)\" class=\"has-inline-color has-ast-global-color-0-color\"><mark style=\"background-color:var(--ast-global-color-4)\" class=\"has-inline-color has-ast-global-color-0-color\"><strong>Aviso de Privacidad<\/strong><\/mark><\/mark><\/h1><\/div><\/div><\/div><\/div>\n<\/div><\/div>\n\n\n\n<p id=\"block-68dcc657-e3fe-4a8f-9c27-73044bc3104e\">Coco Kite School, tambi\u00e9n conocida como Coco Kite School, con domicilio en Playas de Mayapo, Mayapo, Colombia, y portal de internet <a href=\"https:\/\/cocokitecolombia.com\" target=\"_blank\" rel=\"noreferrer noopener\">https:\/\/cocokitecolombia.com<\/a>, es la responsable del uso y protecci\u00f3n de sus datos personales, y al respecto le informamos lo siguiente:<\/p>\n\n\n\n<p id=\"block-9c44c7cc-dcd8-406d-b593-be223abf549c\"><strong>\u00bfPara qu\u00e9 fines utilizaremos sus datos personales?<\/strong> Los datos personales que recabamos de usted, los utilizaremos para las siguientes finalidades que son necesarias para el servicio que solicita:<\/p>\n\n\n\n<ul id=\"block-0df2832d-3d38-4807-a484-e068445ac9a8\" class=\"wp-block-list\">\n<li>Responder a los mensajes del formulario de contacto<\/li>\n\n\n\n<li>Prestar cualquier servicio solicitado<\/li>\n\n\n\n<li>Mejorar la experiencia en el sitio web<\/li>\n<\/ul>\n\n\n\n<p id=\"block-3ce90203-a08c-4b14-b910-592a2f702af7\"><strong>\u00bfQu\u00e9 datos personales utilizaremos para estos fines?<\/strong> Para llevar a cabo las finalidades descritas en el presente aviso de privacidad, utilizaremos los siguientes datos personales:<\/p>\n\n\n\n<ul id=\"block-2986f660-f073-465f-bae9-293ee5814b22\" class=\"wp-block-list\">\n<li>Datos de identificaci\u00f3n y de contacto<\/li>\n<\/ul>\n\n\n\n<p id=\"block-08c8a861-e843-41a8-8876-9256e1f7b167\"><strong>\u00bfCon qui\u00e9n compartimos su informaci\u00f3n personal y para qu\u00e9 fines?<\/strong> Le informamos que sus datos personales son compartidos dentro y fuera del pa\u00eds con las siguientes personas, empresas, organizaciones o autoridades distintas a nosotros, para los siguientes fines:<\/p>\n\n\n\n<ul id=\"block-cfbb3fe0-d689-4a95-a990-e5b211e1670e\" class=\"wp-block-list\">\n<li>Fuera del pa\u00eds\n<ul class=\"wp-block-list\">\n<li>Segmentaci\u00f3n de publicidad en redes sociales<\/li>\n<\/ul>\n<\/li>\n<\/ul>\n\n\n\n<p id=\"block-ed4956f7-cbda-460a-94fa-63a9ed6abd2e\"><strong>\u00bfC\u00f3mo puede acceder, rectificar o cancelar sus datos personales, u oponerse a su uso o ejercer la revocaci\u00f3n de consentimiento?<\/strong> Usted tiene derecho a conocer qu\u00e9 datos personales tenemos de usted, para qu\u00e9 los utilizamos y las condiciones del uso que les damos (Acceso). Asimismo, es su derecho solicitar la correcci\u00f3n de su informaci\u00f3n personal en caso de que est\u00e9 desactualizada, sea inexacta o incompleta (Rectificaci\u00f3n); que la eliminemos de nuestros registros o bases de datos cuando considere que la misma no est\u00e1 siendo utilizada adecuadamente (Cancelaci\u00f3n); as\u00ed como oponerse al uso de sus datos personales para fines espec\u00edficos (Oposici\u00f3n). Estos derechos se conocen como derechos ARCO.<\/p>\n\n\n\n<p id=\"block-150c8331-9744-4360-9970-26b67df87fa7\">Para el ejercicio de cualquiera de los derechos ARCO, usted deber\u00e1 enviar una solicitud v\u00eda correo electr\u00f3nico a <a href=\"mailto:cocokitecolombia@gmail.com\">cocokitecolombia@gmail.com<\/a>, y deber\u00e1 contener:<\/p>\n\n\n\n<ul id=\"block-6f83df14-3136-4b49-84a2-356be961844c\" class=\"wp-block-list\">\n<li>Nombre completo del titular<\/li>\n\n\n\n<li>Domicilio<\/li>\n\n\n\n<li>Tel\u00e9fono<\/li>\n\n\n\n<li>Correo electr\u00f3nico utilizado en este sitio web<\/li>\n\n\n\n<li>Copia de una identificaci\u00f3n oficial adjunta<\/li>\n\n\n\n<li>Asunto \u201cDerechos ARCO\u201d<\/li>\n\n\n\n<li>La descripci\u00f3n del prop\u00f3sito de la solicitud por escrito, que puede incluir, entre otros, la revocaci\u00f3n del consentimiento para procesar sus datos personales, la notificaci\u00f3n del uso indebido de sus datos personales o el ejercicio de sus derechos ARCO, con una descripci\u00f3n clara y precisa de los datos que desea acceder, rectificar, cancelar u oponerse. En caso de Rectificaci\u00f3n de datos personales, debe indicar la modificaci\u00f3n exacta y adjuntar la documentaci\u00f3n de respaldo. Tenga en cuenta que la revocaci\u00f3n del consentimiento puede no ser inmediata en todos los casos, ya que las obligaciones legales pueden requerir que continuemos procesando sus datos personales. Adem\u00e1s, debe considerar que para ciertos fines, la revocaci\u00f3n de su consentimiento puede resultar en que no podamos seguir brindando el servicio solicitado o concluir su relaci\u00f3n con nosotros.<\/li>\n<\/ul>\n\n\n\n<p id=\"block-1ca5867c-d711-4d5f-9a1c-cfdddf473504\"><strong>\u00bfEn cu\u00e1ntos d\u00edas le daremos respuesta a su solicitud?<\/strong> 10 d\u00edas<\/p>\n\n\n\n<p id=\"block-d5d44b8f-1098-464b-b6c2-8222861af4c5\"><strong>\u00bfPor qu\u00e9 medio le comunicaremos la respuesta a su solicitud?<\/strong> Al mismo correo electr\u00f3nico desde el que se envi\u00f3 la solicitud.<\/p>\n\n\n\n<p id=\"block-321da42a-fc58-4746-aae7-e12c88b9dc49\"><strong>El uso de tecnolog\u00edas de rastreo en nuestro portal de internet<\/strong> Le informamos que en nuestra p\u00e1gina de internet utilizamos cookies, web beacons u otras tecnolog\u00edas a trav\u00e9s de las cuales es posible monitorear su comportamiento como usuario de internet, as\u00ed como brindarle un mejor servicio y experiencia al navegar en nuestra p\u00e1gina. Los datos personales que obtenemos de estas tecnolog\u00edas de rastreo son:<\/p>\n\n\n\n<ul id=\"block-70c1b90a-fc9a-4066-b4ad-cbd6648ef062\" class=\"wp-block-list\">\n<li>Identificadores, nombre de usuario y contrase\u00f1as de una sesi\u00f3n<\/li>\n\n\n\n<li>Idioma preferido por el usuario<\/li>\n\n\n\n<li>Regi\u00f3n en la que se encuentra el usuario<\/li>\n\n\n\n<li>Tipo de navegador del usuario<\/li>\n\n\n\n<li>Tipo de sistema operativo del usuario<\/li>\n\n\n\n<li>Fecha y hora del inicio y final de una sesi\u00f3n de un usuario<\/li>\n\n\n\n<li>P\u00e1ginas web visitadas por un usuario<\/li>\n\n\n\n<li>B\u00fasquedas realizadas por un usuario<\/li>\n\n\n\n<li>Anuncios revisados por un usuario<\/li>\n\n\n\n<li>Listas y h\u00e1bitos de consumo en p\u00e1ginas de compras<\/li>\n<\/ul>\n\n\n\n<p id=\"block-3504bfb7-b6c3-4beb-9bef-4fcec46fa21b\">Estas cookies, web beacons y otras tecnolog\u00edas pueden ser deshabilitadas. Para conocer c\u00f3mo hacerlo, consulte el men\u00fa de ayuda de su navegador. Tenga en cuenta que deshabilitar las cookies puede impedirle acceder a ciertas funciones personalizadas en nuestro sitio web.<\/p>\n\n\n\n<p id=\"block-fd334ebd-f8c1-4e65-9711-37a3a4952b1c\"><strong>\u00bfC\u00f3mo puede conocer los cambios en este aviso de privacidad?<\/strong> El presente aviso de privacidad puede sufrir modificaciones, cambios o actualizaciones derivadas de nuevos requerimientos legales; de nuestras propias necesidades por los productos o servicios que ofrecemos; de nuestras pr\u00e1cticas de privacidad; de cambios en nuestro modelo de negocio, o por otras causas. Nos comprometemos a mantener actualizado el presente aviso de privacidad respecto a los cambios que pueda sufrir, y usted siempre podr\u00e1 consultar las actualizaciones en el sitio web <a href=\"https:\/\/cocokitecolombia.com\" target=\"_blank\" rel=\"noreferrer noopener\">https:\/\/cocokitecolombia.com<\/a>.<\/p>\n\n\n\n<p id=\"block-d573b049-f8b3-45a0-a8d6-a8e2bb31b908\"><strong>\u00daltima actualizaci\u00f3n de este aviso de privacidad:<\/strong> 02\/12\/2025<\/p>\n\n\n\n<p id=\"block-68dcc657-e3fe-4a8f-9c27-73044bc3104e\"><\/p>\n\n\n\n<p><\/p>\n","protected":false},"excerpt":{"rendered":"<p>Coco Kite School, tambi\u00e9n conocida como Coco Kite School, con domicilio en Playas de Mayapo, Mayapo, Colombia, y portal de internet https:\/\/cocokitecolombia.com, es la responsable del uso y protecci\u00f3n de sus datos personales, y al respecto le informamos lo siguiente: \u00bfPara qu\u00e9 fines utilizaremos sus datos personales? Los datos personales que recabamos de usted, los [&hellip;]<\/p>\n","protected":false},"author":1,"featured_media":0,"parent":0,"menu_order":0,"comment_status":"closed","ping_status":"closed","template":"","meta":{"_uag_custom_page_level_css":"","site-sidebar-layout":"no-sidebar","site-content-layout":"plain-container","ast-site-content-layout":"normal-width-container","site-content-style":"unboxed","site-sidebar-style":"unboxed","ast-global-header-display":"","ast-banner-title-visibility":"","ast-main-header-display":"","ast-hfb-above-header-display":"","ast-hfb-below-header-display":"","ast-hfb-mobile-header-display":"","site-post-title":"disabled","ast-breadcrumbs-content":"disabled","ast-featured-img":"disabled","footer-sml-layout":"","ast-disable-related-posts":"","theme-transparent-header-meta":"enabled","adv-header-id-meta":"","stick-header-meta":"","header-above-stick-meta":"","header-main-stick-meta":"","header-below-stick-meta":"","astra-migrate-meta-layouts":"set","ast-page-background-enabled":"default","ast-page-background-meta":{"desktop":{"background-color":"","background-image":"","background-repeat":"repeat","background-position":"center center","background-size":"auto","background-attachment":"scroll","background-type":"","background-media":"","overlay-type":"","overlay-color":"","overlay-opacity":"","overlay-gradient":""},"tablet":{"background-color":"","background-image":"","background-repeat":"repeat","background-position":"center center","background-size":"auto","background-attachment":"scroll","background-type":"","background-media":"","overlay-type":"","overlay-color":"","overlay-opacity":"","overlay-gradient":""},"mobile":{"background-color":"","background-image":"","background-repeat":"repeat","background-position":"center center","background-size":"auto","background-attachment":"scroll","background-type":"","background-media":"","overlay-type":"","overlay-color":"","overlay-opacity":"","overlay-gradient":""}},"ast-content-background-meta":{"desktop":{"background-color":"var(--ast-global-color-5)","background-image":"","background-repeat":"repeat","background-position":"center center","background-size":"auto","background-attachment":"scroll","background-type":"","background-media":"","overlay-type":"","overlay-color":"","overlay-opacity":"","overlay-gradient":""},"tablet":{"background-color":"var(--ast-global-color-5)","background-image":"","background-repeat":"repeat","background-position":"center center","background-size":"auto","background-attachment":"scroll","background-type":"","background-media":"","overlay-type":"","overlay-color":"","overlay-opacity":"","overlay-gradient":""},"mobile":{"background-color":"var(--ast-global-color-5)","background-image":"","background-repeat":"repeat","background-position":"center center","background-size":"auto","background-attachment":"scroll","background-type":"","background-media":"","overlay-type":"","overlay-color":"","overlay-opacity":"","overlay-gradient":""}},"footnotes":""},"class_list":["post-4347","page","type-page","status-publish","hentry"],"uagb_featured_image_src":{"full":false,"thumbnail":false,"medium":false,"medium_large":false,"large":false,"1536x1536":false,"2048x2048":false},"uagb_author_info":{"display_name":"cocokitecolombia","author_link":"https:\/\/cocokitecolombia.com\/index.php\/author\/cocokitecolombia\/"},"uagb_comment_info":0,"uagb_excerpt":"Coco Kite School, tambi\u00e9n conocida como Coco Kite School, con domicilio en Playas de Mayapo, Mayapo, Colombia, y portal de internet https:\/\/cocokitecolombia.com, es la responsable del uso y protecci\u00f3n de sus datos personales, y al respecto le informamos lo siguiente: \u00bfPara qu\u00e9 fines utilizaremos sus datos personales? Los datos personales que recabamos de usted, los&hellip;","_links":{"self":[{"href":"https:\/\/cocokitecolombia.com\/index.php\/wp-json\/wp\/v2\/pages\/4347","targetHints":{"allow":["GET"]}}],"collection":[{"href":"https:\/\/cocokitecolombia.com\/index.php\/wp-json\/wp\/v2\/pages"}],"about":[{"href":"https:\/\/cocokitecolombia.com\/index.php\/wp-json\/wp\/v2\/types\/page"}],"author":[{"embeddable":true,"href":"https:\/\/cocokitecolombia.com\/index.php\/wp-json\/wp\/v2\/users\/1"}],"replies":[{"embeddable":true,"href":"https:\/\/cocokitecolombia.com\/index.php\/wp-json\/wp\/v2\/comments?post=4347"}],"version-history":[{"count":4,"href":"https:\/\/cocokitecolombia.com\/index.php\/wp-json\/wp\/v2\/pages\/4347\/revisions"}],"predecessor-version":[{"id":4707,"href":"https:\/\/cocokitecolombia.com\/index.php\/wp-json\/wp\/v2\/pages\/4347\/revisions\/4707"}],"wp:attachment":[{"href":"https:\/\/cocokitecolombia.com\/index.php\/wp-json\/wp\/v2\/media?parent=4347"}],"curies":[{"name":"wp","href":"https:\/\/api.w.org\/{rel}","templated":true}]}}