{"id":4349,"date":"2025-08-01T17:03:17","date_gmt":"2025-08-01T15:03:17","guid":{"rendered":"https:\/\/cocokitecolombia.com\/?page_id=4349"},"modified":"2025-12-15T21:22:11","modified_gmt":"2025-12-15T20:22:11","slug":"privacy-notice-pt","status":"publish","type":"page","link":"https:\/\/cocokitecolombia.com\/index.php\/pt\/privacy-notice-pt\/","title":{"rendered":"Privacy Notice \u2013 Portugu\u00eas"},"content":{"rendered":"\n<div class=\"wp-block-uagb-container uagb-block-a84b47a8 alignfull uagb-is-root-container\"><div class=\"uagb-container-inner-blocks-wrap\">\n<div data-aos= \"fade-up\" data-aos-duration=\"400\" data-aos-delay=\"0\" data-aos-easing=\"ease\" data-aos-once=\"true\" class=\"wp-block-uagb-info-box uagb-block-63603b07 uagb-infobox__content-wrap  uagb-infobox-icon-above-title uagb-infobox-image-valign-top wp-block-uagb-info-box--has-margin banner-text\"><div class=\"uagb-infobox-margin-wrapper\"><div class=\"uagb-ifb-content\"><div class=\"uagb-ifb-title-wrap\"><h1 class=\"uagb-ifb-title\"><mark style=\"background-color:var(--ast-global-color-4)\" class=\"has-inline-color has-ast-global-color-0-color\"><mark style=\"background-color:var(--ast-global-color-4)\" class=\"has-inline-color has-ast-global-color-0-color\"><strong>Aviso de Privacidade<\/strong><\/mark><\/mark><\/h1><\/div><\/div><\/div><\/div>\n<\/div><\/div>\n\n\n\n<p id=\"block-68dcc657-e3fe-4a8f-9c27-73044bc3104e\">Coco Kite School, tamb\u00e9m conhecida como Coco Kite School, com endere\u00e7o em Playas de Mayapo, Mayapo, Col\u00f4mbia, e portal na internet <a href=\"https:\/\/cocokitecolombia.com\" target=\"_blank\" rel=\"noreferrer noopener\">https:\/\/cocokitecolombia.com<\/a>, \u00e9 a respons\u00e1vel pelo uso e prote\u00e7\u00e3o de seus dados pessoais, e, a respeito, informamos o seguinte:<\/p>\n\n\n\n<p id=\"block-9c44c7cc-dcd8-406d-b593-be223abf549c\"><strong>Para quais finalidades utilizaremos seus dados pessoais?<\/strong> Os dados pessoais que coletamos de voc\u00ea ser\u00e3o utilizados para as seguintes finalidades, que s\u00e3o necess\u00e1rias para o servi\u00e7o solicitado:<\/p>\n\n\n\n<ul id=\"block-0df2832d-3d38-4807-a484-e068445ac9a8\" class=\"wp-block-list\">\n<li>Responder \u00e0s mensagens do formul\u00e1rio de contato<\/li>\n\n\n\n<li>Prestar qualquer servi\u00e7o solicitado<\/li>\n\n\n\n<li>Melhorar a experi\u00eancia no site<\/li>\n<\/ul>\n\n\n\n<p id=\"block-3ce90203-a08c-4b14-b910-592a2f702af7\"><strong>Que dados pessoais utilizaremos para esses fins?<\/strong> Para realizar as finalidades descritas neste aviso de privacidade, utilizaremos os seguintes dados pessoais:<\/p>\n\n\n\n<ul id=\"block-2986f660-f073-465f-bae9-293ee5814b22\" class=\"wp-block-list\">\n<li>Dados de identifica\u00e7\u00e3o e de contato<\/li>\n<\/ul>\n\n\n\n<p id=\"block-08c8a861-e843-41a8-8876-9256e1f7b167\"><strong>Com quem compartilhamos suas informa\u00e7\u00f5es pessoais e para quais finalidades?<\/strong> Informamos que seus dados pessoais s\u00e3o compartilhados fora do pa\u00eds com as seguintes pessoas, empresas, organiza\u00e7\u00f5es ou autoridades, para as seguintes finalidades:<\/p>\n\n\n\n<ul id=\"block-cfbb3fe0-d689-4a95-a990-e5b211e1670e\" class=\"wp-block-list\">\n<li>Fora do pa\u00eds\n<ul class=\"wp-block-list\">\n<li>Segmenta\u00e7\u00e3o de publicidade em redes sociais<\/li>\n<\/ul>\n<\/li>\n<\/ul>\n\n\n\n<p id=\"block-ed4956f7-cbda-460a-94fa-63a9ed6abd2e\"><strong>Como voc\u00ea pode acessar, retificar ou cancelar seus dados pessoais, ou se opor ao seu uso ou exercer a revoga\u00e7\u00e3o do consentimento?<\/strong> Voc\u00ea tem o direito de saber quais dados pessoais temos sobre voc\u00ea, para que os utilizamos e as condi\u00e7\u00f5es de uso que lhes damos (Acesso). Da mesma forma, \u00e9 seu direito solicitar a corre\u00e7\u00e3o de suas informa\u00e7\u00f5es pessoais caso estejam desatualizadas, inexatas ou incompletas (Retifica\u00e7\u00e3o); que as removamos de nossos registros ou bases de dados quando considerar que as mesmas n\u00e3o est\u00e3o sendo utilizadas adequadamente (Cancelamento); bem como se opor ao uso de seus dados pessoais para fins espec\u00edficos (Oposi\u00e7\u00e3o). Esses direitos s\u00e3o conhecidos como direitos ARCO.<\/p>\n\n\n\n<p id=\"block-150c8331-9744-4360-9970-26b67df87fa7\">Para exercer qualquer um dos direitos ARCO, voc\u00ea deve enviar uma solicita\u00e7\u00e3o via e-mail para <a href=\"mailto:cocokitecolombia@gmail.com\">cocokitecolombia@gmail.com<\/a>, e ela deve conter:<\/p>\n\n\n\n<ul id=\"block-6f83df14-3136-4b49-84a2-356be961844c\" class=\"wp-block-list\">\n<li>Nome completo do titular dos dados<\/li>\n\n\n\n<li>Endere\u00e7o<\/li>\n\n\n\n<li>N\u00famero de telefone<\/li>\n\n\n\n<li>E-mail utilizado neste site<\/li>\n\n\n\n<li>C\u00f3pia de uma identifica\u00e7\u00e3o oficial anexada<\/li>\n\n\n\n<li>Assunto \u201cDireitos ARCO\u201d<\/li>\n\n\n\n<li>A descri\u00e7\u00e3o do prop\u00f3sito da solicita\u00e7\u00e3o por escrito, que pode incluir, entre outros, a revoga\u00e7\u00e3o do consentimento para processar seus dados pessoais, a notifica\u00e7\u00e3o do uso indevido de seus dados pessoais ou o exerc\u00edcio de seus direitos ARCO, com uma descri\u00e7\u00e3o clara e precisa dos dados que voc\u00ea deseja acessar, retificar, cancelar ou se opor. Em caso de Retifica\u00e7\u00e3o de dados pessoais, voc\u00ea deve indicar a modifica\u00e7\u00e3o exata e anexar a documenta\u00e7\u00e3o de apoio. Tenha em aten\u00e7\u00e3o que a revoga\u00e7\u00e3o do consentimento pode n\u00e3o ser imediata em todos os casos, pois as obriga\u00e7\u00f5es legais podem exigir que continuemos a processar seus dados pessoais. Al\u00e9m disso, voc\u00ea deve considerar que, para certas finalidades, a revoga\u00e7\u00e3o de seu consentimento pode resultar em n\u00e3o podermos mais fornecer o servi\u00e7o solicitado ou concluir seu relacionamento conosco.<\/li>\n<\/ul>\n\n\n\n<p id=\"block-1ca5867c-d711-4d5f-9a1c-cfdddf473504\"><strong>Em quantos dias daremos resposta \u00e0 sua solicita\u00e7\u00e3o?<\/strong> 10 dias<\/p>\n\n\n\n<p id=\"block-d5d44b8f-1098-464b-b6c2-8222861af4c5\"><strong>Por qual meio comunicaremos a resposta \u00e0 sua solicita\u00e7\u00e3o?<\/strong> Para o mesmo e-mail do qual a solicita\u00e7\u00e3o foi enviada.<\/p>\n\n\n\n<p id=\"block-321da42a-fc58-4746-aae7-e12c88b9dc49\"><strong>O uso de tecnologias de rastreamento em nosso portal da internet<\/strong> Informamos que em nossa p\u00e1gina da internet utilizamos cookies, web beacons ou outras tecnologias atrav\u00e9s das quais \u00e9 poss\u00edvel monitorar seu comportamento como usu\u00e1rio da internet, bem como para lhe proporcionar um melhor servi\u00e7o e experi\u00eancia ao navegar em nossa p\u00e1gina. Os dados pessoais que obtemos dessas tecnologias de rastreamento s\u00e3o:<\/p>\n\n\n\n<ul id=\"block-70c1b90a-fc9a-4066-b4ad-cbd6648ef062\" class=\"wp-block-list\">\n<li>Identificadores, nomes de usu\u00e1rio e senhas de sess\u00e3o<\/li>\n\n\n\n<li>Idioma preferido pelo usu\u00e1rio<\/li>\n\n\n\n<li>Regi\u00e3o em que o usu\u00e1rio se encontra<\/li>\n\n\n\n<li>Tipo de navegador do usu\u00e1rio<\/li>\n\n\n\n<li>Tipo de sistema operacional do usu\u00e1rio<\/li>\n\n\n\n<li>Data e hora do in\u00edcio e fim de uma sess\u00e3o de um usu\u00e1rio<\/li>\n\n\n\n<li>P\u00e1ginas da web visitadas por um usu\u00e1rio<\/li>\n\n\n\n<li>Pesquisas realizadas por um usu\u00e1rio<\/li>\n\n\n\n<li>An\u00fancios revisados por um usu\u00e1rio<\/li>\n\n\n\n<li>Listas e h\u00e1bitos de consumo em p\u00e1ginas de compras<\/li>\n<\/ul>\n\n\n\n<p id=\"block-3504bfb7-b6c3-4beb-9bef-4fcec46fa21b\">Esses cookies, web beacons e outras tecnologias podem ser desabilitados. Para saber como fazer isso, consulte o menu de ajuda de seu navegador. Por favor, note que a desativa\u00e7\u00e3o dos cookies pode impedi-lo de acessar certas funcionalidades personalizadas em nosso site.<\/p>\n\n\n\n<p id=\"block-fd334ebd-f8c1-4e65-9711-37a3a4952b1c\"><strong>Como voc\u00ea pode saber sobre as mudan\u00e7as neste aviso de privacidade?<\/strong> Este aviso de privacidade pode sofrer modifica\u00e7\u00f5es, altera\u00e7\u00f5es ou atualiza\u00e7\u00f5es decorrentes de novos requisitos legais; de nossas pr\u00f3prias necessidades pelos produtos ou servi\u00e7os que oferecemos; de nossas pr\u00e1ticas de privacidade; de mudan\u00e7as em nosso modelo de neg\u00f3cio, ou por outras raz\u00f5es. Comprometemo-nos a manter este aviso de privacidade atualizado em rela\u00e7\u00e3o a quaisquer mudan\u00e7as que possa sofrer, e voc\u00ea sempre poder\u00e1 verificar as atualiza\u00e7\u00f5es no site <a href=\"https:\/\/cocokitecolombia.com\" target=\"_blank\" rel=\"noreferrer noopener\">https:\/\/cocokitecolombia.com<\/a>.<\/p>\n\n\n\n<p id=\"block-d573b049-f8b3-45a0-a8d6-a8e2bb31b908\"><strong>\u00daltima atualiza\u00e7\u00e3o deste aviso de privacidade:<\/strong> 15\/12\/2025<\/p>\n\n\n\n<p id=\"block-68dcc657-e3fe-4a8f-9c27-73044bc3104e\"><\/p>\n\n\n\n<p><\/p>\n","protected":false},"excerpt":{"rendered":"<p>Coco Kite School, tamb\u00e9m conhecida como Coco Kite School, com endere\u00e7o em Playas de Mayapo, Mayapo, Col\u00f4mbia, e portal na internet https:\/\/cocokitecolombia.com, \u00e9 a respons\u00e1vel pelo uso e prote\u00e7\u00e3o de seus dados pessoais, e, a respeito, informamos o seguinte: Para quais finalidades utilizaremos seus dados pessoais? Os dados pessoais que coletamos de voc\u00ea ser\u00e3o utilizados [&hellip;]<\/p>\n","protected":false},"author":1,"featured_media":0,"parent":0,"menu_order":0,"comment_status":"closed","ping_status":"closed","template":"","meta":{"_uag_custom_page_level_css":"","site-sidebar-layout":"no-sidebar","site-content-layout":"plain-container","ast-site-content-layout":"normal-width-container","site-content-style":"unboxed","site-sidebar-style":"unboxed","ast-global-header-display":"","ast-banner-title-visibility":"","ast-main-header-display":"","ast-hfb-above-header-display":"","ast-hfb-below-header-display":"","ast-hfb-mobile-header-display":"","site-post-title":"disabled","ast-breadcrumbs-content":"disabled","ast-featured-img":"disabled","footer-sml-layout":"","ast-disable-related-posts":"","theme-transparent-header-meta":"enabled","adv-header-id-meta":"","stick-header-meta":"","header-above-stick-meta":"","header-main-stick-meta":"","header-below-stick-meta":"","astra-migrate-meta-layouts":"set","ast-page-background-enabled":"default","ast-page-background-meta":{"desktop":{"background-color":"","background-image":"","background-repeat":"repeat","background-position":"center center","background-size":"auto","background-attachment":"scroll","background-type":"","background-media":"","overlay-type":"","overlay-color":"","overlay-opacity":"","overlay-gradient":""},"tablet":{"background-color":"","background-image":"","background-repeat":"repeat","background-position":"center center","background-size":"auto","background-attachment":"scroll","background-type":"","background-media":"","overlay-type":"","overlay-color":"","overlay-opacity":"","overlay-gradient":""},"mobile":{"background-color":"","background-image":"","background-repeat":"repeat","background-position":"center center","background-size":"auto","background-attachment":"scroll","background-type":"","background-media":"","overlay-type":"","overlay-color":"","overlay-opacity":"","overlay-gradient":""}},"ast-content-background-meta":{"desktop":{"background-color":"var(--ast-global-color-5)","background-image":"","background-repeat":"repeat","background-position":"center center","background-size":"auto","background-attachment":"scroll","background-type":"","background-media":"","overlay-type":"","overlay-color":"","overlay-opacity":"","overlay-gradient":""},"tablet":{"background-color":"var(--ast-global-color-5)","background-image":"","background-repeat":"repeat","background-position":"center center","background-size":"auto","background-attachment":"scroll","background-type":"","background-media":"","overlay-type":"","overlay-color":"","overlay-opacity":"","overlay-gradient":""},"mobile":{"background-color":"var(--ast-global-color-5)","background-image":"","background-repeat":"repeat","background-position":"center center","background-size":"auto","background-attachment":"scroll","background-type":"","background-media":"","overlay-type":"","overlay-color":"","overlay-opacity":"","overlay-gradient":""}},"footnotes":""},"class_list":["post-4349","page","type-page","status-publish","hentry"],"uagb_featured_image_src":{"full":false,"thumbnail":false,"medium":false,"medium_large":false,"large":false,"1536x1536":false,"2048x2048":false},"uagb_author_info":{"display_name":"cocokitecolombia","author_link":"https:\/\/cocokitecolombia.com\/index.php\/author\/cocokitecolombia\/"},"uagb_comment_info":0,"uagb_excerpt":"Coco Kite School, tamb\u00e9m conhecida como Coco Kite School, com endere\u00e7o em Playas de Mayapo, Mayapo, Col\u00f4mbia, e portal na internet https:\/\/cocokitecolombia.com, \u00e9 a respons\u00e1vel pelo uso e prote\u00e7\u00e3o de seus dados pessoais, e, a respeito, informamos o seguinte: Para quais finalidades utilizaremos seus dados pessoais? Os dados pessoais que coletamos de voc\u00ea ser\u00e3o utilizados&hellip;","_links":{"self":[{"href":"https:\/\/cocokitecolombia.com\/index.php\/wp-json\/wp\/v2\/pages\/4349","targetHints":{"allow":["GET"]}}],"collection":[{"href":"https:\/\/cocokitecolombia.com\/index.php\/wp-json\/wp\/v2\/pages"}],"about":[{"href":"https:\/\/cocokitecolombia.com\/index.php\/wp-json\/wp\/v2\/types\/page"}],"author":[{"embeddable":true,"href":"https:\/\/cocokitecolombia.com\/index.php\/wp-json\/wp\/v2\/users\/1"}],"replies":[{"embeddable":true,"href":"https:\/\/cocokitecolombia.com\/index.php\/wp-json\/wp\/v2\/comments?post=4349"}],"version-history":[{"count":4,"href":"https:\/\/cocokitecolombia.com\/index.php\/wp-json\/wp\/v2\/pages\/4349\/revisions"}],"predecessor-version":[{"id":4814,"href":"https:\/\/cocokitecolombia.com\/index.php\/wp-json\/wp\/v2\/pages\/4349\/revisions\/4814"}],"wp:attachment":[{"href":"https:\/\/cocokitecolombia.com\/index.php\/wp-json\/wp\/v2\/media?parent=4349"}],"curies":[{"name":"wp","href":"https:\/\/api.w.org\/{rel}","templated":true}]}}