{"id":4533,"date":"2025-11-19T14:59:52","date_gmt":"2025-11-19T13:59:52","guid":{"rendered":"https:\/\/cocokitecolombia.com\/?page_id=4533"},"modified":"2026-03-20T20:52:01","modified_gmt":"2026-03-20T19:52:01","slug":"about-es","status":"publish","type":"page","link":"https:\/\/cocokitecolombia.com\/index.php\/es\/about-es\/","title":{"rendered":"About \u2013 Espa\u00f1ol"},"content":{"rendered":"\n<div class=\"wp-block-uagb-container uagb-block-e223893a alignfull uagb-is-root-container\"><div class=\"uagb-container-inner-blocks-wrap\">\n<div data-aos= \"fade-up\" data-aos-duration=\"400\" data-aos-delay=\"0\" data-aos-easing=\"ease\" data-aos-once=\"true\" class=\"wp-block-uagb-advanced-heading uagb-block-33ed11f2\"><h1 class=\"uagb-heading-text\">Sobre Coco Kite<\/h1><\/div>\n<\/div><\/div>\n\n\n\n<div class=\"wp-block-uagb-container uagb-block-42e70927 alignfull uagb-is-root-container\"><div class=\"uagb-container-inner-blocks-wrap\">\n<div class=\"wp-block-uagb-container uagb-block-672c2967\">\n<div data-aos= \"fade-up\" data-aos-duration=\"400\" data-aos-delay=\"0\" data-aos-easing=\"ease\" data-aos-once=\"true\" class=\"wp-block-uagb-info-box uagb-block-b380b427 uagb-infobox__content-wrap  uagb-infobox-icon-above-title uagb-infobox-image-valign-top\"><div class=\"uagb-ifb-content\"><div class=\"uagb-ifb-image-content\"><img decoding=\"async\" src=\"https:\/\/cocokitecolombia.com\/wp-content\/uploads\/2023\/11\/1-logo-coco-fondotransp-e1700487663927-150x150.png\" alt=\"\" width=\"\" height=\"0\" loading=\"lazy\"\/><\/div><div class=\"uagb-ifb-title-wrap\"><h4 class=\"uagb-ifb-title\">Conoce a la Familia Coco Kite<\/h4><\/div><p class=\"uagb-ifb-desc\">Nuestro equipo multicultural est\u00e1 listo para darte la bienvenida a nuestra familia. \u00a1Tu seguridad es nuestra prioridad! Por eso ense\u00f1amos seg\u00fan los est\u00e1ndares de la IKO, en varios idiomas (franc\u00e9s, ingl\u00e9s, espa\u00f1ol y portugu\u00e9s) y con equipo completamente nuevo para garantizarte la mejor experiencia de aprendizaje.<\/p><\/div><\/div>\n\n\n\n<div data-aos= \"fade-up\" data-aos-duration=\"400\" data-aos-delay=\"0\" data-aos-easing=\"ease\" data-aos-once=\"true\" class=\"wp-block-uagb-info-box uagb-block-3727b4e5 uagb-infobox__content-wrap  uagb-infobox-icon-above-title uagb-infobox-image-valign-top\"><div class=\"uagb-ifb-content\"><div class=\"uagb-ifb-title-wrap\"><h3 class=\"uagb-ifb-title\">Mar, Desierto y Laguna: Vive la Aut\u00e9ntica Guajira<\/h3><\/div><p class=\"uagb-ifb-desc\">Viviendo en La Guajira desde hace m\u00e1s de 6 a\u00f1os o siendo nativos de la regi\u00f3n, tambi\u00e9n nos encanta contarte m\u00e1s sobre la cultura wayuu. Vive plenamente la aventura en nuestra regi\u00f3n m\u00e1gica de La Guajira.<\/p><\/div><\/div>\n<\/div>\n\n\n\n<div class=\"wp-block-uagb-container uag-hide-mob uagb-block-2d237b00\">\n<div data-aos= \"fade-left\" data-aos-duration=\"400\" data-aos-delay=\"0\" data-aos-easing=\"ease\" data-aos-once=\"true\" class=\"wp-block-uagb-image alignright uagb-block-c31514d6 wp-block-uagb-image--layout-default wp-block-uagb-image--effect-zoomin wp-block-uagb-image--align-right\"><figure class=\"wp-block-uagb-image__figure\"><img decoding=\"async\" srcset=\"https:\/\/cocokitecolombia.com\/wp-content\/uploads\/2023\/11\/jpeg-optimizer_1-about_page-0001-794x1024.webp ,https:\/\/cocokitecolombia.com\/wp-content\/uploads\/2023\/11\/jpeg-optimizer_1-about_page-0001.webp 780w, https:\/\/cocokitecolombia.com\/wp-content\/uploads\/2023\/11\/jpeg-optimizer_1-about_page-0001-794x1024.webp 360w\" sizes=\"auto, (max-width: 480px) 150px\" src=\"https:\/\/cocokitecolombia.com\/wp-content\/uploads\/2023\/11\/jpeg-optimizer_1-about_page-0001-794x1024.webp\" alt=\"\" class=\"uag-image-1438\" width=\"1000\" height=\"1419\" title=\"jpeg-optimizer_1 about_page-0001\" loading=\"lazy\" role=\"img\"\/><\/figure><\/div>\n<\/div>\n<\/div><\/div>\n\n\n\n<div class=\"wp-block-uagb-container uagb-block-2408c506 alignfull uagb-is-root-container\"><div class=\"uagb-container-inner-blocks-wrap\">\n<div data-aos= \"fade-up\" data-aos-duration=\"400\" data-aos-delay=\"0\" data-aos-easing=\"ease\" data-aos-once=\"true\" class=\"wp-block-uagb-info-box uagb-block-9bf9ff19 uagb-infobox__content-wrap  uagb-infobox-icon-above-title uagb-infobox-image-valign-top\"><div class=\"uagb-ifb-content\"><div class=\"uagb-ifb-title-wrap\"><span class=\"uagb-ifb-title-prefix\">Safety first<\/span><h2 class=\"uagb-ifb-title\">El Equipo de Coco Kite Certificado por la IKO<\/h2><\/div><\/div><\/div>\n<\/div><\/div>\n\n\n\n<div class=\"wp-block-uagb-container uagb-block-6e9ae99f alignfull uagb-is-root-container\"><div class=\"uagb-container-inner-blocks-wrap\">\n<div class=\"wp-block-columns is-layout-flex wp-container-core-columns-is-layout-28f84493 wp-block-columns-is-layout-flex\">\n<div class=\"wp-block-column is-layout-flow wp-block-column-is-layout-flow\">\n<div class=\"wp-block-uagb-info-box uagb-block-57618b47 uagb-infobox__content-wrap  uagb-infobox-icon-below-title uagb-infobox-image-valign-top\"><div class=\"uagb-ifb-content\"><div class=\"uagb-ifb-title-wrap\"><h3 class=\"uagb-ifb-title\">Coralie, Fundador<\/h3><\/div><div class=\"uagb-ifb-image-content\"><img decoding=\"async\" src=\"https:\/\/cocokitecolombia.com\/wp-content\/uploads\/2023\/11\/coco-kite-kitesurf-school-colombia.webp\" alt=\"\" width=\"400\" height=\"484\" loading=\"lazy\"\/><\/div><p class=\"uagb-ifb-desc\">\u00a1Hola! Soy Coralie, una francesa que vive en Colombia desde hace 6 a\u00f1os. La Guajira se gan\u00f3 mi coraz\u00f3n y te sumergir\u00e9 en la cultura wayuu y en la comunidad local de kitesurfistas. Siempre con una sonrisa contagiosa y buena energ\u00eda, me asegurar\u00e9 de que te sientas como en casa \ud83d\ude42 \u00a1\u00danete a nuestra familia apasionada!<\/p><\/div><\/div>\n<\/div>\n\n\n\n<div class=\"wp-block-column is-layout-flow wp-block-column-is-layout-flow\">\n<div class=\"wp-block-uagb-info-box uagb-block-46556492 uagb-infobox__content-wrap  uagb-infobox-icon-below-title uagb-infobox-image-valign-top\"><div class=\"uagb-ifb-content\"><div class=\"uagb-ifb-title-wrap\"><h3 class=\"uagb-ifb-title\">Victor, Instructor Principal<\/h3><\/div><div class=\"uagb-ifb-image-content\"><img decoding=\"async\" src=\"https:\/\/cocokitecolombia.com\/wp-content\/uploads\/2023\/11\/victor-kite-kitesurf-school-colombia.webp\" alt=\"\" width=\"400\" height=\"484\" loading=\"lazy\"\/><\/div><p class=\"uagb-ifb-desc\">\u00a1Hola! Soy V\u00edctor, y desde hace 8 a\u00f1os me dedico a mi pasi\u00f3n: el kitesurf. Siempre con una sonrisa y mucha atenci\u00f3n a los detalles, quiero que disfrutes la experiencia en un ambiente relajado y seguro. \u00bfMi objetivo? Que siempre entiendas lo que haces y por qu\u00e9, para que puedas ser completamente independiente.<br><\/p><\/div><\/div>\n<\/div>\n<\/div>\n<\/div><\/div>\n\n\n\n<div class=\"wp-block-columns is-layout-flex wp-container-core-columns-is-layout-159f51c6 wp-block-columns-is-layout-flex\" style=\"margin-top:0\">\n<div class=\"wp-block-column is-layout-flow wp-block-column-is-layout-flow\">\n<div class=\"wp-block-uagb-info-box uagb-block-198ac0f1 uagb-infobox__content-wrap  uagb-infobox-icon-below-title uagb-infobox-image-valign-top\"><div class=\"uagb-ifb-content\"><div class=\"uagb-ifb-title-wrap\"><h3 class=\"uagb-ifb-title\">Andr\u00e9s, kitesurf instructor<\/h3><\/div><div class=\"uagb-ifb-image-content\"><img decoding=\"async\" src=\"https:\/\/cocokitecolombia.com\/wp-content\/uploads\/2024\/10\/About-330-x-400.png\" alt=\"\" width=\"400\" height=\"484\" loading=\"lazy\"\/><\/div><p class=\"uagb-ifb-desc\">\u00a1Hola! Soy Andr\u00e9s, apasionado por el kitesurf, lleno de energ\u00eda y dispuesto a ayudarte a vivir la mejor experiencia. Vamos a aprender paso a paso, a tu propio ritmo.<\/p><\/div><\/div>\n<\/div>\n\n\n\n<div class=\"wp-block-column is-layout-flow wp-block-column-is-layout-flow\">\n<div class=\"wp-block-uagb-info-box uagb-block-8c7e0a3b uagb-infobox__content-wrap  uagb-infobox-icon-below-title uagb-infobox-image-valign-top\"><div class=\"uagb-ifb-content\"><div class=\"uagb-ifb-title-wrap\"><h3 class=\"uagb-ifb-title\">Juan, Kitesurf Instructor<\/h3><\/div><div class=\"uagb-ifb-image-content\"><img decoding=\"async\" src=\"https:\/\/cocokitecolombia.com\/wp-content\/uploads\/2026\/03\/About-330-x-400-1.png\" alt=\"\" width=\"400\" height=\"484\" loading=\"lazy\"\/><\/div><p class=\"uagb-ifb-desc\">Coaching de alto rendimiento.<br>Entrena con Indio Calima y lleva tu nivel al siguiente nivel.<br>Clases intensas, experiencia internacional y una metodolog\u00eda dise\u00f1ada para riders que realmente quieren progresar, perfeccionar su t\u00e9cnica y elevar su estilo.<\/p><\/div><\/div>\n<\/div>\n<\/div>\n\n\n\n<div class=\"wp-block-columns is-layout-flex wp-container-core-columns-is-layout-28f84493 wp-block-columns-is-layout-flex\">\n<div class=\"wp-block-column is-layout-flow wp-block-column-is-layout-flow\">\n<div class=\"wp-block-uagb-info-box uagb-block-0186b75e uagb-infobox__content-wrap  uagb-infobox-icon-below-title uagb-infobox-image-valign-top\"><div class=\"uagb-ifb-content\"><div class=\"uagb-ifb-title-wrap\"><h3 class=\"uagb-ifb-title\">Annabelle, instructora de kite<\/h3><\/div><div class=\"uagb-ifb-image-content\"><img decoding=\"async\" src=\"https:\/\/cocokitecolombia.com\/wp-content\/uploads\/2025\/11\/About-330-x-400-3.png\" alt=\"\" width=\"400\" height=\"484\" loading=\"lazy\"\/><\/div><p class=\"uagb-ifb-desc\">\u00a1Hola! Soy Annabelle y llevo 10 a\u00f1os ense\u00f1ando kitesurf en el sur de Francia. Este deporte es mi pasi\u00f3n y me encanta compartirlo. Te ayudar\u00e9 a superarte, siempre con alegr\u00eda y amabilidad.<br><\/p><\/div><\/div>\n<\/div>\n\n\n\n<div class=\"wp-block-column is-layout-flow wp-block-column-is-layout-flow\">\n<div class=\"wp-block-uagb-info-box uagb-block-f902de8f uagb-infobox__content-wrap  uagb-infobox-icon-below-title uagb-infobox-image-valign-top\"><div class=\"uagb-ifb-content\"><div class=\"uagb-ifb-title-wrap\"><h3 class=\"uagb-ifb-title\">Emma, Profe de yoga<\/h3><\/div><div class=\"uagb-ifb-image-content\"><img decoding=\"async\" src=\"https:\/\/cocokitecolombia.com\/wp-content\/uploads\/2023\/11\/emma-kite-kitesurf-school-colombia-yoga.webp\" alt=\"\" width=\"400\" height=\"484\" loading=\"lazy\"\/><\/div><p class=\"uagb-ifb-desc\">\u00a1Hola! Soy Emma, una yogui apasionada y dedicada, kitesurfista, entusiasta del bienestar y educadora cuya misi\u00f3n es inspirar y empoderar a las personas a adoptar un enfoque hol\u00edstico del bienestar.<\/p><\/div><\/div>\n<\/div>\n<\/div>\n\n\n\n<div style=\"height:50px\" aria-hidden=\"true\" class=\"wp-block-spacer\"><\/div>\n\n\n\n<div class=\"wp-block-uagb-container uagb-block-14c21268 default uagb-is-root-container\">\n<div data-aos= \"fade-up\" data-aos-duration=\"400\" data-aos-delay=\"0\" data-aos-easing=\"ease\" data-aos-once=\"true\" class=\"wp-block-uagb-info-box uagb-block-9efec4f9 uagb-infobox__content-wrap  uagb-infobox-icon-above-title uagb-infobox-image-valign-top wp-block-uagb-info-box--has-margin banner-text\"><div class=\"uagb-infobox-margin-wrapper\"><div class=\"uagb-ifb-content\"><div class=\"uagb-ifb-title-wrap\"><span class=\"uagb-ifb-title-prefix\"><mark style=\"background-color:var(--ast-global-color-7)\" class=\"\">APOYAMOS A IN\u00e1Y<\/mark><\/span><h2 class=\"uagb-ifb-title\"><mark style=\"background-color:var(--ast-global-color-4)\" class=\"has-inline-color has-ast-global-color-0-color\">organizaci\u00f3n sin fines de lucro que ayuda a ni\u00f1os ind\u00edgenas en Colombia<\/mark><\/h2><\/div><p class=\"uagb-ifb-desc\">Actualmente estamos desarrollando un proyecto de acceso al kitesurf para ni\u00f1os wayuu en Mayapo, con el objetivo de abrir nuevas oportunidades a trav\u00e9s del deporte y el ingl\u00e9s en un lugar tur\u00edstico en crecimiento para las pr\u00f3ximas generaciones.<\/p><div class=\"uagb-ifb-button-wrapper wp-block-button\"><a href=\"https:\/\/www.inay-asso.org\/\" class=\"uagb-infobox-cta-link wp-block-button__link\" target=\"_blank\" rel=\"noopener noreferrer\" onclick=\"return true;\"><span class=\"uagb-inline-editing\">Saber M\u00e1s<\/span><svg xmlns=\"https:\/\/www.w3.org\/2000\/svg\" viewBox=\"0 0 512 512\"><path d=\"M504.3 273.6l-112.1 104c-6.992 6.484-17.18 8.218-25.94 4.406c-8.758-3.812-14.42-12.45-14.42-21.1L351.9 288H32C14.33 288 .0002 273.7 .0002 255.1S14.33 224 32 224h319.9l0-72c0-9.547 5.66-18.19 14.42-22c8.754-3.809 18.95-2.075 25.94 4.41l112.1 104C514.6 247.9 514.6 264.1 504.3 273.6z\"><\/path><\/svg><\/a><\/div><\/div><\/div><\/div>\n<\/div>\n\n\n\n<div class=\"wp-block-uagb-container brands uagb-block-a1fc3f6c alignfull uagb-is-root-container\"><div class=\"uagb-container-inner-blocks-wrap\">\n<div class=\"wp-block-uagb-image aligncenter uagb-block-2f7f9d01 wp-block-uagb-image--layout-default wp-block-uagb-image--effect-zoomin wp-block-uagb-image--align-center\"><figure class=\"wp-block-uagb-image__figure\"><a class=\"\" href=\"https:\/\/www.ikointl.com\/\" target=\"_blank\" rel=\"noreferrer noopener\"><img decoding=\"async\" srcset=\"https:\/\/cocokitecolombia.com\/wp-content\/uploads\/2025\/07\/iko-logo.png ,https:\/\/cocokitecolombia.com\/wp-content\/uploads\/2025\/07\/iko-logo.png 780w, https:\/\/cocokitecolombia.com\/wp-content\/uploads\/2025\/07\/iko-logo.png 360w\" sizes=\"auto, (max-width: 480px) 150px\" src=\"https:\/\/cocokitecolombia.com\/wp-content\/uploads\/2025\/07\/iko-logo.png\" alt=\"\" class=\"uag-image-3998\" width=\"190\" height=\"140\" title=\"iko-logo\" loading=\"lazy\" role=\"img\"\/><\/a><\/figure><\/div>\n\n\n\n<div class=\"wp-block-uagb-image aligncenter uagb-block-36f350d8 wp-block-uagb-image--layout-default wp-block-uagb-image--effect-zoomin wp-block-uagb-image--align-center\"><figure class=\"wp-block-uagb-image__figure\"><a class=\"\" href=\"https:\/\/ozonekites.com\/\" target=\"_blank\" rel=\"noreferrer noopener\"><img decoding=\"async\" srcset=\"https:\/\/cocokitecolombia.com\/wp-content\/uploads\/2025\/07\/ozone-logo.png ,https:\/\/cocokitecolombia.com\/wp-content\/uploads\/2025\/07\/ozone-logo.png 780w, https:\/\/cocokitecolombia.com\/wp-content\/uploads\/2025\/07\/ozone-logo.png 360w\" sizes=\"auto, (max-width: 480px) 150px\" src=\"https:\/\/cocokitecolombia.com\/wp-content\/uploads\/2025\/07\/ozone-logo.png\" alt=\"\" class=\"uag-image-4001\" width=\"190\" height=\"140\" title=\"ozone-logo\" loading=\"lazy\" role=\"img\"\/><\/a><\/figure><\/div>\n\n\n\n<div class=\"wp-block-uagb-image aligncenter uagb-block-25bf711f wp-block-uagb-image--layout-default wp-block-uagb-image--effect-zoomin wp-block-uagb-image--align-center\"><figure class=\"wp-block-uagb-image__figure\"><a class=\"\" href=\"https:\/\/colombiakite.com\/\" target=\"_blank\" rel=\"noreferrer noopener\"><img decoding=\"async\" srcset=\"https:\/\/cocokitecolombia.com\/wp-content\/uploads\/2025\/07\/colombia-kite-logo-crop.png ,https:\/\/cocokitecolombia.com\/wp-content\/uploads\/2025\/07\/colombia-kite-logo-crop.png 780w, https:\/\/cocokitecolombia.com\/wp-content\/uploads\/2025\/07\/colombia-kite-logo-crop.png 360w\" sizes=\"auto, (max-width: 480px) 150px\" src=\"https:\/\/cocokitecolombia.com\/wp-content\/uploads\/2025\/07\/colombia-kite-logo-crop.png\" alt=\"\" class=\"uag-image-4003\" width=\"94\" height=\"100\" title=\"colombia-kite-logo-crop\" loading=\"lazy\" role=\"img\"\/><\/a><\/figure><\/div>\n\n\n\n<div class=\"wp-block-uagb-image aligncenter uagb-block-e62c1ed9 wp-block-uagb-image--layout-default wp-block-uagb-image--effect-zoomin wp-block-uagb-image--align-center\"><figure class=\"wp-block-uagb-image__figure\"><a class=\"\" href=\"https:\/\/www.mysticboarding.com\/\" target=\"_blank\" rel=\"noreferrer noopener\"><img decoding=\"async\" srcset=\"https:\/\/cocokitecolombia.com\/wp-content\/uploads\/2025\/07\/mystic-logo.png ,https:\/\/cocokitecolombia.com\/wp-content\/uploads\/2025\/07\/mystic-logo.png 780w, https:\/\/cocokitecolombia.com\/wp-content\/uploads\/2025\/07\/mystic-logo.png 360w\" sizes=\"auto, (max-width: 480px) 150px\" src=\"https:\/\/cocokitecolombia.com\/wp-content\/uploads\/2025\/07\/mystic-logo.png\" alt=\"\" class=\"uag-image-4000\" width=\"190\" height=\"140\" title=\"mystic-logo\" loading=\"lazy\" role=\"img\"\/><\/a><\/figure><\/div>\n\n\n\n<div class=\"wp-block-uagb-image aligncenter uagb-block-f5d3907e wp-block-uagb-image--layout-default wp-block-uagb-image--effect-zoomin wp-block-uagb-image--align-center\"><figure class=\"wp-block-uagb-image__figure\"><a class=\"\" href=\"https:\/\/www.eleveightkites.com\/\" target=\"_blank\" rel=\"noreferrer noopener\"><img decoding=\"async\" srcset=\"https:\/\/cocokitecolombia.com\/wp-content\/uploads\/2025\/07\/eleveight-logo.png ,https:\/\/cocokitecolombia.com\/wp-content\/uploads\/2025\/07\/eleveight-logo.png 780w, https:\/\/cocokitecolombia.com\/wp-content\/uploads\/2025\/07\/eleveight-logo.png 360w\" sizes=\"auto, (max-width: 480px) 150px\" src=\"https:\/\/cocokitecolombia.com\/wp-content\/uploads\/2025\/07\/eleveight-logo.png\" alt=\"\" class=\"uag-image-3997\" width=\"190\" height=\"140\" title=\"eleveight-logo\" loading=\"lazy\" role=\"img\"\/><\/a><\/figure><\/div>\n\n\n\n<div class=\"wp-block-uagb-image aligncenter uagb-block-a3b04deb wp-block-uagb-image--layout-default wp-block-uagb-image--effect-zoomin wp-block-uagb-image--align-center\"><figure class=\"wp-block-uagb-image__figure\"><a class=\"\" href=\"https:\/\/www.inay-asso.org\/\" target=\"_blank\" rel=\"noreferrer noopener\"><img decoding=\"async\" srcset=\"https:\/\/cocokitecolombia.com\/wp-content\/uploads\/2025\/07\/inay-logo-crop.png ,https:\/\/cocokitecolombia.com\/wp-content\/uploads\/2025\/07\/inay-logo-crop.png 780w, https:\/\/cocokitecolombia.com\/wp-content\/uploads\/2025\/07\/inay-logo-crop.png 360w\" sizes=\"auto, (max-width: 480px) 150px\" src=\"https:\/\/cocokitecolombia.com\/wp-content\/uploads\/2025\/07\/inay-logo-crop.png\" alt=\"\" class=\"uag-image-4004\" width=\"60\" height=\"100\" title=\"inay-logo-crop\" loading=\"lazy\" role=\"img\"\/><\/a><\/figure><\/div>\n<\/div><\/div>\n","protected":false},"excerpt":{"rendered":"<p>Sobre Coco Kite<\/p>\n","protected":false},"author":1,"featured_media":0,"parent":0,"menu_order":0,"comment_status":"closed","ping_status":"closed","template":"","meta":{"_uag_custom_page_level_css":"","site-sidebar-layout":"no-sidebar","site-content-layout":"plain-container","ast-site-content-layout":"normal-width-container","site-content-style":"unboxed","site-sidebar-style":"unboxed","ast-global-header-display":"","ast-banner-title-visibility":"","ast-main-header-display":"","ast-hfb-above-header-display":"","ast-hfb-below-header-display":"","ast-hfb-mobile-header-display":"","site-post-title":"disabled","ast-breadcrumbs-content":"disabled","ast-featured-img":"disabled","footer-sml-layout":"","ast-disable-related-posts":"","theme-transparent-header-meta":"enabled","adv-header-id-meta":"","stick-header-meta":"","header-above-stick-meta":"","header-main-stick-meta":"","header-below-stick-meta":"","astra-migrate-meta-layouts":"set","ast-page-background-enabled":"default","ast-page-background-meta":{"desktop":{"background-color":"","background-image":"","background-repeat":"repeat","background-position":"center center","background-size":"auto","background-attachment":"scroll","background-type":"","background-media":"","overlay-type":"","overlay-color":"","overlay-opacity":"","overlay-gradient":""},"tablet":{"background-color":"","background-image":"","background-repeat":"repeat","background-position":"center center","background-size":"auto","background-attachment":"scroll","background-type":"","background-media":"","overlay-type":"","overlay-color":"","overlay-opacity":"","overlay-gradient":""},"mobile":{"background-color":"","background-image":"","background-repeat":"repeat","background-position":"center center","background-size":"auto","background-attachment":"scroll","background-type":"","background-media":"","overlay-type":"","overlay-color":"","overlay-opacity":"","overlay-gradient":""}},"ast-content-background-meta":{"desktop":{"background-color":"var(--ast-global-color-5)","background-image":"","background-repeat":"repeat","background-position":"center center","background-size":"auto","background-attachment":"scroll","background-type":"","background-media":"","overlay-type":"","overlay-color":"","overlay-opacity":"","overlay-gradient":""},"tablet":{"background-color":"var(--ast-global-color-5)","background-image":"","background-repeat":"repeat","background-position":"center center","background-size":"auto","background-attachment":"scroll","background-type":"","background-media":"","overlay-type":"","overlay-color":"","overlay-opacity":"","overlay-gradient":""},"mobile":{"background-color":"var(--ast-global-color-5)","background-image":"","background-repeat":"repeat","background-position":"center center","background-size":"auto","background-attachment":"scroll","background-type":"","background-media":"","overlay-type":"","overlay-color":"","overlay-opacity":"","overlay-gradient":""}},"footnotes":""},"class_list":["post-4533","page","type-page","status-publish","hentry"],"uagb_featured_image_src":{"full":false,"thumbnail":false,"medium":false,"medium_large":false,"large":false,"1536x1536":false,"2048x2048":false},"uagb_author_info":{"display_name":"cocokitecolombia","author_link":"https:\/\/cocokitecolombia.com\/index.php\/author\/cocokitecolombia\/"},"uagb_comment_info":0,"uagb_excerpt":"Sobre Coco Kite","_links":{"self":[{"href":"https:\/\/cocokitecolombia.com\/index.php\/wp-json\/wp\/v2\/pages\/4533","targetHints":{"allow":["GET"]}}],"collection":[{"href":"https:\/\/cocokitecolombia.com\/index.php\/wp-json\/wp\/v2\/pages"}],"about":[{"href":"https:\/\/cocokitecolombia.com\/index.php\/wp-json\/wp\/v2\/types\/page"}],"author":[{"embeddable":true,"href":"https:\/\/cocokitecolombia.com\/index.php\/wp-json\/wp\/v2\/users\/1"}],"replies":[{"embeddable":true,"href":"https:\/\/cocokitecolombia.com\/index.php\/wp-json\/wp\/v2\/comments?post=4533"}],"version-history":[{"count":8,"href":"https:\/\/cocokitecolombia.com\/index.php\/wp-json\/wp\/v2\/pages\/4533\/revisions"}],"predecessor-version":[{"id":4941,"href":"https:\/\/cocokitecolombia.com\/index.php\/wp-json\/wp\/v2\/pages\/4533\/revisions\/4941"}],"wp:attachment":[{"href":"https:\/\/cocokitecolombia.com\/index.php\/wp-json\/wp\/v2\/media?parent=4533"}],"curies":[{"name":"wp","href":"https:\/\/api.w.org\/{rel}","templated":true}]}}