{"id":4537,"date":"2025-11-28T17:40:45","date_gmt":"2025-11-28T16:40:45","guid":{"rendered":"https:\/\/cocokitecolombia.com\/?page_id=4537"},"modified":"2026-03-20T20:52:53","modified_gmt":"2026-03-20T19:52:53","slug":"about-fr","status":"publish","type":"page","link":"https:\/\/cocokitecolombia.com\/index.php\/fr\/about-fr\/","title":{"rendered":"About \u2013 Fran\u00e7ais"},"content":{"rendered":"\n<div class=\"wp-block-uagb-container uagb-block-e223893a alignfull uagb-is-root-container\"><div class=\"uagb-container-inner-blocks-wrap\">\n<div data-aos= \"fade-up\" data-aos-duration=\"400\" data-aos-delay=\"0\" data-aos-easing=\"ease\" data-aos-once=\"true\" class=\"wp-block-uagb-advanced-heading uagb-block-33ed11f2\"><h1 class=\"uagb-heading-text\">\u00c0 propos de Coco Kite<\/h1><\/div>\n\n\n\n<p><\/p>\n<\/div><\/div>\n\n\n\n<div class=\"wp-block-uagb-container uagb-block-42e70927 alignfull uagb-is-root-container\"><div class=\"uagb-container-inner-blocks-wrap\">\n<div class=\"wp-block-uagb-container uagb-block-672c2967\">\n<div data-aos= \"fade-up\" data-aos-duration=\"400\" data-aos-delay=\"0\" data-aos-easing=\"ease\" data-aos-once=\"true\" class=\"wp-block-uagb-info-box uagb-block-b380b427 uagb-infobox__content-wrap  uagb-infobox-icon-above-title uagb-infobox-image-valign-top\"><div class=\"uagb-ifb-content\"><div class=\"uagb-ifb-image-content\"><img decoding=\"async\" src=\"https:\/\/cocokitecolombia.com\/wp-content\/uploads\/2023\/11\/1-logo-coco-fondotransp-e1700487663927-150x150.png\" alt=\"\" width=\"\" height=\"0\" loading=\"lazy\"\/><\/div><div class=\"uagb-ifb-title-wrap\"><h4 class=\"uagb-ifb-title\">Rencontrez La famille Coco Kite<\/h4><\/div><p class=\"uagb-ifb-desc\">Notre \u00e9quipe multiculturelle est pr\u00eate \u00e0 vous accueillir ! Votre s\u00e9curit\u00e9 est notre priorit\u00e9. C\u2019est pourquoi nous enseignons selon les standards IKO, en plusieurs langues (fran\u00e7ais, anglais, espagnol et portugais), et avec un \u00e9quipement neuf pour vous garantir la meilleure exp\u00e9rience d&#8217;apprentissage !<\/p><\/div><\/div>\n\n\n\n<div data-aos= \"fade-up\" data-aos-duration=\"400\" data-aos-delay=\"0\" data-aos-easing=\"ease\" data-aos-once=\"true\" class=\"wp-block-uagb-info-box uagb-block-3727b4e5 uagb-infobox__content-wrap  uagb-infobox-icon-above-title uagb-infobox-image-valign-top\"><div class=\"uagb-ifb-content\"><div class=\"uagb-ifb-title-wrap\"><h3 class=\"uagb-ifb-title\">Mer, d\u00e9sert, lagune : Vivez la Guajira authentique<\/h3><\/div><p class=\"uagb-ifb-desc\">Vivant en La Guajira depuis plus de 5 ans ou \u00e9tant natifs de la r\u00e9gion, nous adorons \u00e9galement vous parler de la culture Wayuu. Vivez pleinement l&#8217;aventure dans notre r\u00e9gion magique de La Guajira.<\/p><\/div><\/div>\n<\/div>\n\n\n\n<div class=\"wp-block-uagb-container uag-hide-mob uagb-block-2d237b00\">\n<div data-aos= \"fade-left\" data-aos-duration=\"400\" data-aos-delay=\"0\" data-aos-easing=\"ease\" data-aos-once=\"true\" class=\"wp-block-uagb-image alignright uagb-block-c31514d6 wp-block-uagb-image--layout-default wp-block-uagb-image--effect-zoomin wp-block-uagb-image--align-right\"><figure class=\"wp-block-uagb-image__figure\"><img decoding=\"async\" srcset=\"https:\/\/cocokitecolombia.com\/wp-content\/uploads\/2023\/11\/jpeg-optimizer_1-about_page-0001-794x1024.webp ,https:\/\/cocokitecolombia.com\/wp-content\/uploads\/2023\/11\/jpeg-optimizer_1-about_page-0001.webp 780w, https:\/\/cocokitecolombia.com\/wp-content\/uploads\/2023\/11\/jpeg-optimizer_1-about_page-0001-794x1024.webp 360w\" sizes=\"auto, (max-width: 480px) 150px\" src=\"https:\/\/cocokitecolombia.com\/wp-content\/uploads\/2023\/11\/jpeg-optimizer_1-about_page-0001-794x1024.webp\" alt=\"\" class=\"uag-image-1438\" width=\"1000\" height=\"1419\" title=\"jpeg-optimizer_1 about_page-0001\" loading=\"lazy\" role=\"img\"\/><\/figure><\/div>\n<\/div>\n<\/div><\/div>\n\n\n\n<div class=\"wp-block-uagb-container uagb-block-2408c506 alignfull uagb-is-root-container\"><div class=\"uagb-container-inner-blocks-wrap\">\n<div data-aos= \"fade-up\" data-aos-duration=\"400\" data-aos-delay=\"0\" data-aos-easing=\"ease\" data-aos-once=\"true\" class=\"wp-block-uagb-info-box uagb-block-9bf9ff19 uagb-infobox__content-wrap  uagb-infobox-icon-above-title uagb-infobox-image-valign-top\"><div class=\"uagb-ifb-content\"><div class=\"uagb-ifb-title-wrap\"><span class=\"uagb-ifb-title-prefix\">Safety first<\/span><h2 class=\"uagb-ifb-title\">L&#8217;\u00e9quipe Coco Kite Certifi\u00e9e IKO<\/h2><\/div><\/div><\/div>\n<\/div><\/div>\n\n\n\n<div class=\"wp-block-uagb-container uagb-block-6e9ae99f alignfull uagb-is-root-container\"><div class=\"uagb-container-inner-blocks-wrap\">\n<div class=\"wp-block-columns is-layout-flex wp-container-core-columns-is-layout-28f84493 wp-block-columns-is-layout-flex\">\n<div class=\"wp-block-column is-layout-flow wp-block-column-is-layout-flow\">\n<div class=\"wp-block-uagb-info-box uagb-block-57618b47 uagb-infobox__content-wrap  uagb-infobox-icon-below-title uagb-infobox-image-valign-top\"><div class=\"uagb-ifb-content\"><div class=\"uagb-ifb-title-wrap\"><h3 class=\"uagb-ifb-title\">Coralie, Fondatrice<\/h3><\/div><div class=\"uagb-ifb-image-content\"><img decoding=\"async\" src=\"https:\/\/cocokitecolombia.com\/wp-content\/uploads\/2023\/11\/coco-kite-kitesurf-school-colombia.webp\" alt=\"\" width=\"400\" height=\"484\" loading=\"lazy\"\/><\/div><p class=\"uagb-ifb-desc\">Salut ! Moi c&#8217;est Coralie, une Fran\u00e7aise vivant en Colombie depuis 7 ans. La Guajira a conquis mon c\u0153ur et je vous plongerai dans la culture wayuu ainsi que dans la communaut\u00e9 locale de kitesurfers. Toujours avec un sourire communicatif et une bonne \u00e9nergie, je ferai en sorte que vous vous sentiez chez vous \ud83d\ude42 Rejoignez notre famille passionn\u00e9e !<\/p><\/div><\/div>\n<\/div>\n\n\n\n<div class=\"wp-block-column is-layout-flow wp-block-column-is-layout-flow\">\n<div class=\"wp-block-uagb-info-box uagb-block-46556492 uagb-infobox__content-wrap  uagb-infobox-icon-below-title uagb-infobox-image-valign-top\"><div class=\"uagb-ifb-content\"><div class=\"uagb-ifb-title-wrap\"><h3 class=\"uagb-ifb-title\">Victor, head instructor<\/h3><\/div><div class=\"uagb-ifb-image-content\"><img decoding=\"async\" src=\"https:\/\/cocokitecolombia.com\/wp-content\/uploads\/2023\/11\/victor-kite-kitesurf-school-colombia.webp\" alt=\"\" width=\"400\" height=\"484\" loading=\"lazy\"\/><\/div><p class=\"uagb-ifb-desc\">Salut ! Je suis V\u00edctor, et cela fait 8 ans que je me consacre \u00e0 ma passion : le kitesurf. Toujours souriant et attentif aux d\u00e9tails, je veux que vous profitiez de l&#8217;exp\u00e9rience dans une ambiance d\u00e9tendue et s\u00e9curis\u00e9e. Mon objectif ? Que vous compreniez toujours ce que vous faites et pourquoi, afin que vous puissiez \u00eatre totalement ind\u00e9pendants !<br><\/p><\/div><\/div>\n<\/div>\n<\/div>\n<\/div><\/div>\n\n\n\n<div class=\"wp-block-columns is-layout-flex wp-container-core-columns-is-layout-159f51c6 wp-block-columns-is-layout-flex\" style=\"margin-top:0\">\n<div class=\"wp-block-column is-layout-flow wp-block-column-is-layout-flow\">\n<div class=\"wp-block-uagb-info-box uagb-block-198ac0f1 uagb-infobox__content-wrap  uagb-infobox-icon-below-title uagb-infobox-image-valign-top\"><div class=\"uagb-ifb-content\"><div class=\"uagb-ifb-title-wrap\"><h3 class=\"uagb-ifb-title\">Andr\u00e9s, Professeur de kitesurf<\/h3><\/div><div class=\"uagb-ifb-image-content\"><img decoding=\"async\" src=\"https:\/\/cocokitecolombia.com\/wp-content\/uploads\/2024\/10\/About-330-x-400.png\" alt=\"\" width=\"400\" height=\"484\" loading=\"lazy\"\/><\/div><p class=\"uagb-ifb-desc\">Salut ! Je suis Andr\u00e8s, passionn\u00e9 de kitesurf, dynamique et pr\u00eat \u00e0 vous aider \u00e0 vivre la meilleure exp\u00e9rience ! Apprenons \u00e9tape par \u00e9tape \u00e0 votre rythme.<\/p><\/div><\/div>\n<\/div>\n\n\n\n<div class=\"wp-block-column is-layout-flow wp-block-column-is-layout-flow\">\n<div class=\"wp-block-uagb-info-box uagb-block-8c7e0a3b uagb-infobox__content-wrap  uagb-infobox-icon-below-title uagb-infobox-image-valign-top\"><div class=\"uagb-ifb-content\"><div class=\"uagb-ifb-title-wrap\"><h3 class=\"uagb-ifb-title\">Juan, Professeur de kitesurf<\/h3><\/div><div class=\"uagb-ifb-image-content\"><img decoding=\"async\" src=\"https:\/\/cocokitecolombia.com\/wp-content\/uploads\/2026\/03\/About-330-x-400-1.png\" alt=\"\" width=\"400\" height=\"484\" loading=\"lazy\"\/><\/div><p class=\"uagb-ifb-desc\">Coaching de haut niveau.<br>Entra\u00eene-toi avec Indio Calima (Juan Rodriguez) et passe au niveau sup\u00e9rieur.<br>Cours intensifs, exp\u00e9rience internacional y una metodolog\u00eda con\u00e7ue pour les riders qui veulent vraiment progresser, perfectionner leur technique et d\u00e9velopper leur style.<\/p><\/div><\/div>\n<\/div>\n<\/div>\n\n\n\n<div class=\"wp-block-columns is-layout-flex wp-container-core-columns-is-layout-28f84493 wp-block-columns-is-layout-flex\">\n<div class=\"wp-block-column is-layout-flow wp-block-column-is-layout-flow\">\n<div class=\"wp-block-uagb-info-box uagb-block-0186b75e uagb-infobox__content-wrap  uagb-infobox-icon-below-title uagb-infobox-image-valign-top\"><div class=\"uagb-ifb-content\"><div class=\"uagb-ifb-title-wrap\"><h3 class=\"uagb-ifb-title\">Annabelle, Prof. de kitesurf<\/h3><\/div><div class=\"uagb-ifb-image-content\"><img decoding=\"async\" src=\"https:\/\/cocokitecolombia.com\/wp-content\/uploads\/2025\/11\/About-330-x-400-3.png\" alt=\"\" width=\"400\" height=\"484\" loading=\"lazy\"\/><\/div><p class=\"uagb-ifb-desc\">Salut ! Je suis Annabelle, et j&#8217;enseigne le kitesurf depuis 10 ans dans le sud de la France. Ce sport est ma passion, et j&#8217;adore le partager. Je vous aide \u00e0 vous surpasser, toujours avec joie et bienveillance. Je suis aussi professeure de yoga depuis 3 ans. <br><\/p><\/div><\/div>\n<\/div>\n\n\n\n<div class=\"wp-block-column is-layout-flow wp-block-column-is-layout-flow\">\n<div class=\"wp-block-uagb-info-box uagb-block-f902de8f uagb-infobox__content-wrap  uagb-infobox-icon-below-title uagb-infobox-image-valign-top\"><div class=\"uagb-ifb-content\"><div class=\"uagb-ifb-title-wrap\"><h3 class=\"uagb-ifb-title\">Emma, Professeur de yoga<\/h3><\/div><div class=\"uagb-ifb-image-content\"><img decoding=\"async\" src=\"https:\/\/cocokitecolombia.com\/wp-content\/uploads\/2023\/11\/emma-kite-kitesurf-school-colombia-yoga.webp\" alt=\"\" width=\"400\" height=\"484\" loading=\"lazy\"\/><\/div><p class=\"uagb-ifb-desc\">Salut ! Je suis Emma, une yogi passionn\u00e9e et d\u00e9vou\u00e9e, kitesurfeuse, adepte du bien-\u00eatre et \u00e9ducatrice, en mission pour inspirer et encourager chacun \u00e0 adopter une approche holistique du bien-\u00eatre.<\/p><\/div><\/div>\n<\/div>\n<\/div>\n\n\n\n<div style=\"height:50px\" aria-hidden=\"true\" class=\"wp-block-spacer\"><\/div>\n\n\n\n<div class=\"wp-block-uagb-container uagb-block-14c21268 default uagb-is-root-container\">\n<div data-aos= \"fade-up\" data-aos-duration=\"400\" data-aos-delay=\"0\" data-aos-easing=\"ease\" data-aos-once=\"true\" class=\"wp-block-uagb-info-box uagb-block-9efec4f9 uagb-infobox__content-wrap  uagb-infobox-icon-above-title uagb-infobox-image-valign-top wp-block-uagb-info-box--has-margin banner-text\"><div class=\"uagb-infobox-margin-wrapper\"><div class=\"uagb-ifb-content\"><div class=\"uagb-ifb-title-wrap\"><span class=\"uagb-ifb-title-prefix\"><mark style=\"background-color:var(--ast-global-color-7)\" class=\"\">NOUS supportons IN\u00e1Y<\/mark><\/span><h2 class=\"uagb-ifb-title\"><mark style=\"background-color:var(--ast-global-color-4)\" class=\"has-inline-color has-ast-global-color-0-color\">Organisation \u00e0 but non lucratif aidant les enfants indig\u00e8nes en Colombie<\/mark><\/h2><\/div><p class=\"uagb-ifb-desc\">Nous d\u00e9veloppons actuellement un projet d&#8217;acc\u00e8s au kiteboarding pour les enfants Wayuu \u00e0 Mayapo afin d&#8217;ouvrir de nouvelles opportunit\u00e9s gr\u00e2ce \u00e0 ce sport et \u00e0 l&#8217;anglais dans un lieu touristique en pleine croissance pour les prochaines g\u00e9n\u00e9rations.<\/p><div class=\"uagb-ifb-button-wrapper wp-block-button\"><a href=\"https:\/\/www.inay-asso.org\/\" class=\"uagb-infobox-cta-link wp-block-button__link\" target=\"_blank\" rel=\"noopener noreferrer\" onclick=\"return true;\"><span class=\"uagb-inline-editing\">En savoir plus<\/span><svg xmlns=\"https:\/\/www.w3.org\/2000\/svg\" viewBox=\"0 0 512 512\"><path d=\"M504.3 273.6l-112.1 104c-6.992 6.484-17.18 8.218-25.94 4.406c-8.758-3.812-14.42-12.45-14.42-21.1L351.9 288H32C14.33 288 .0002 273.7 .0002 255.1S14.33 224 32 224h319.9l0-72c0-9.547 5.66-18.19 14.42-22c8.754-3.809 18.95-2.075 25.94 4.41l112.1 104C514.6 247.9 514.6 264.1 504.3 273.6z\"><\/path><\/svg><\/a><\/div><\/div><\/div><\/div>\n<\/div>\n\n\n\n<div class=\"wp-block-uagb-container brands uagb-block-a1fc3f6c alignfull uagb-is-root-container\"><div class=\"uagb-container-inner-blocks-wrap\">\n<div class=\"wp-block-uagb-image aligncenter uagb-block-2f7f9d01 wp-block-uagb-image--layout-default wp-block-uagb-image--effect-zoomin wp-block-uagb-image--align-center\"><figure class=\"wp-block-uagb-image__figure\"><a class=\"\" href=\"https:\/\/www.ikointl.com\/\" target=\"_blank\" rel=\"noreferrer noopener\"><img decoding=\"async\" srcset=\"https:\/\/cocokitecolombia.com\/wp-content\/uploads\/2025\/07\/iko-logo.png ,https:\/\/cocokitecolombia.com\/wp-content\/uploads\/2025\/07\/iko-logo.png 780w, https:\/\/cocokitecolombia.com\/wp-content\/uploads\/2025\/07\/iko-logo.png 360w\" sizes=\"auto, (max-width: 480px) 150px\" src=\"https:\/\/cocokitecolombia.com\/wp-content\/uploads\/2025\/07\/iko-logo.png\" alt=\"\" class=\"uag-image-3998\" width=\"190\" height=\"140\" title=\"iko-logo\" loading=\"lazy\" role=\"img\"\/><\/a><\/figure><\/div>\n\n\n\n<div class=\"wp-block-uagb-image aligncenter uagb-block-36f350d8 wp-block-uagb-image--layout-default wp-block-uagb-image--effect-zoomin wp-block-uagb-image--align-center\"><figure class=\"wp-block-uagb-image__figure\"><a class=\"\" href=\"https:\/\/ozonekites.com\/\" target=\"_blank\" rel=\"noreferrer noopener\"><img decoding=\"async\" srcset=\"https:\/\/cocokitecolombia.com\/wp-content\/uploads\/2025\/07\/ozone-logo.png ,https:\/\/cocokitecolombia.com\/wp-content\/uploads\/2025\/07\/ozone-logo.png 780w, https:\/\/cocokitecolombia.com\/wp-content\/uploads\/2025\/07\/ozone-logo.png 360w\" sizes=\"auto, (max-width: 480px) 150px\" src=\"https:\/\/cocokitecolombia.com\/wp-content\/uploads\/2025\/07\/ozone-logo.png\" alt=\"\" class=\"uag-image-4001\" width=\"190\" height=\"140\" title=\"ozone-logo\" loading=\"lazy\" role=\"img\"\/><\/a><\/figure><\/div>\n\n\n\n<div class=\"wp-block-uagb-image aligncenter uagb-block-25bf711f wp-block-uagb-image--layout-default wp-block-uagb-image--effect-zoomin wp-block-uagb-image--align-center\"><figure class=\"wp-block-uagb-image__figure\"><a class=\"\" href=\"https:\/\/colombiakite.com\/\" target=\"_blank\" rel=\"noreferrer noopener\"><img decoding=\"async\" srcset=\"https:\/\/cocokitecolombia.com\/wp-content\/uploads\/2025\/07\/colombia-kite-logo-crop.png ,https:\/\/cocokitecolombia.com\/wp-content\/uploads\/2025\/07\/colombia-kite-logo-crop.png 780w, https:\/\/cocokitecolombia.com\/wp-content\/uploads\/2025\/07\/colombia-kite-logo-crop.png 360w\" sizes=\"auto, (max-width: 480px) 150px\" src=\"https:\/\/cocokitecolombia.com\/wp-content\/uploads\/2025\/07\/colombia-kite-logo-crop.png\" alt=\"\" class=\"uag-image-4003\" width=\"94\" height=\"100\" title=\"colombia-kite-logo-crop\" loading=\"lazy\" role=\"img\"\/><\/a><\/figure><\/div>\n\n\n\n<div class=\"wp-block-uagb-image aligncenter uagb-block-e62c1ed9 wp-block-uagb-image--layout-default wp-block-uagb-image--effect-zoomin wp-block-uagb-image--align-center\"><figure class=\"wp-block-uagb-image__figure\"><a class=\"\" href=\"https:\/\/www.mysticboarding.com\/\" target=\"_blank\" rel=\"noreferrer noopener\"><img decoding=\"async\" srcset=\"https:\/\/cocokitecolombia.com\/wp-content\/uploads\/2025\/07\/mystic-logo.png ,https:\/\/cocokitecolombia.com\/wp-content\/uploads\/2025\/07\/mystic-logo.png 780w, https:\/\/cocokitecolombia.com\/wp-content\/uploads\/2025\/07\/mystic-logo.png 360w\" sizes=\"auto, (max-width: 480px) 150px\" src=\"https:\/\/cocokitecolombia.com\/wp-content\/uploads\/2025\/07\/mystic-logo.png\" alt=\"\" class=\"uag-image-4000\" width=\"190\" height=\"140\" title=\"mystic-logo\" loading=\"lazy\" role=\"img\"\/><\/a><\/figure><\/div>\n\n\n\n<div class=\"wp-block-uagb-image aligncenter uagb-block-f5d3907e wp-block-uagb-image--layout-default wp-block-uagb-image--effect-zoomin wp-block-uagb-image--align-center\"><figure class=\"wp-block-uagb-image__figure\"><a class=\"\" href=\"https:\/\/www.eleveightkites.com\/\" target=\"_blank\" rel=\"noreferrer noopener\"><img decoding=\"async\" srcset=\"https:\/\/cocokitecolombia.com\/wp-content\/uploads\/2025\/07\/eleveight-logo.png ,https:\/\/cocokitecolombia.com\/wp-content\/uploads\/2025\/07\/eleveight-logo.png 780w, https:\/\/cocokitecolombia.com\/wp-content\/uploads\/2025\/07\/eleveight-logo.png 360w\" sizes=\"auto, (max-width: 480px) 150px\" src=\"https:\/\/cocokitecolombia.com\/wp-content\/uploads\/2025\/07\/eleveight-logo.png\" alt=\"\" class=\"uag-image-3997\" width=\"190\" height=\"140\" title=\"eleveight-logo\" loading=\"lazy\" role=\"img\"\/><\/a><\/figure><\/div>\n\n\n\n<div class=\"wp-block-uagb-image aligncenter uagb-block-a3b04deb wp-block-uagb-image--layout-default wp-block-uagb-image--effect-zoomin wp-block-uagb-image--align-center\"><figure class=\"wp-block-uagb-image__figure\"><a class=\"\" href=\"https:\/\/www.inay-asso.org\/\" target=\"_blank\" rel=\"noreferrer noopener\"><img decoding=\"async\" srcset=\"https:\/\/cocokitecolombia.com\/wp-content\/uploads\/2025\/07\/inay-logo-crop.png ,https:\/\/cocokitecolombia.com\/wp-content\/uploads\/2025\/07\/inay-logo-crop.png 780w, https:\/\/cocokitecolombia.com\/wp-content\/uploads\/2025\/07\/inay-logo-crop.png 360w\" sizes=\"auto, (max-width: 480px) 150px\" src=\"https:\/\/cocokitecolombia.com\/wp-content\/uploads\/2025\/07\/inay-logo-crop.png\" alt=\"\" class=\"uag-image-4004\" width=\"60\" height=\"100\" title=\"inay-logo-crop\" loading=\"lazy\" role=\"img\"\/><\/a><\/figure><\/div>\n<\/div><\/div>\n","protected":false},"excerpt":{"rendered":"<p>\u00c0 propos de Coco Kite<\/p>\n","protected":false},"author":1,"featured_media":0,"parent":0,"menu_order":0,"comment_status":"closed","ping_status":"closed","template":"","meta":{"_uag_custom_page_level_css":"","site-sidebar-layout":"no-sidebar","site-content-layout":"plain-container","ast-site-content-layout":"normal-width-container","site-content-style":"unboxed","site-sidebar-style":"unboxed","ast-global-header-display":"","ast-banner-title-visibility":"","ast-main-header-display":"","ast-hfb-above-header-display":"","ast-hfb-below-header-display":"","ast-hfb-mobile-header-display":"","site-post-title":"disabled","ast-breadcrumbs-content":"disabled","ast-featured-img":"disabled","footer-sml-layout":"","ast-disable-related-posts":"","theme-transparent-header-meta":"enabled","adv-header-id-meta":"","stick-header-meta":"","header-above-stick-meta":"","header-main-stick-meta":"","header-below-stick-meta":"","astra-migrate-meta-layouts":"set","ast-page-background-enabled":"default","ast-page-background-meta":{"desktop":{"background-color":"","background-image":"","background-repeat":"repeat","background-position":"center center","background-size":"auto","background-attachment":"scroll","background-type":"","background-media":"","overlay-type":"","overlay-color":"","overlay-opacity":"","overlay-gradient":""},"tablet":{"background-color":"","background-image":"","background-repeat":"repeat","background-position":"center center","background-size":"auto","background-attachment":"scroll","background-type":"","background-media":"","overlay-type":"","overlay-color":"","overlay-opacity":"","overlay-gradient":""},"mobile":{"background-color":"","background-image":"","background-repeat":"repeat","background-position":"center center","background-size":"auto","background-attachment":"scroll","background-type":"","background-media":"","overlay-type":"","overlay-color":"","overlay-opacity":"","overlay-gradient":""}},"ast-content-background-meta":{"desktop":{"background-color":"var(--ast-global-color-5)","background-image":"","background-repeat":"repeat","background-position":"center center","background-size":"auto","background-attachment":"scroll","background-type":"","background-media":"","overlay-type":"","overlay-color":"","overlay-opacity":"","overlay-gradient":""},"tablet":{"background-color":"var(--ast-global-color-5)","background-image":"","background-repeat":"repeat","background-position":"center center","background-size":"auto","background-attachment":"scroll","background-type":"","background-media":"","overlay-type":"","overlay-color":"","overlay-opacity":"","overlay-gradient":""},"mobile":{"background-color":"var(--ast-global-color-5)","background-image":"","background-repeat":"repeat","background-position":"center center","background-size":"auto","background-attachment":"scroll","background-type":"","background-media":"","overlay-type":"","overlay-color":"","overlay-opacity":"","overlay-gradient":""}},"footnotes":""},"class_list":["post-4537","page","type-page","status-publish","hentry"],"uagb_featured_image_src":{"full":false,"thumbnail":false,"medium":false,"medium_large":false,"large":false,"1536x1536":false,"2048x2048":false},"uagb_author_info":{"display_name":"cocokitecolombia","author_link":"https:\/\/cocokitecolombia.com\/index.php\/author\/cocokitecolombia\/"},"uagb_comment_info":0,"uagb_excerpt":"\u00c0 propos de Coco Kite","_links":{"self":[{"href":"https:\/\/cocokitecolombia.com\/index.php\/wp-json\/wp\/v2\/pages\/4537","targetHints":{"allow":["GET"]}}],"collection":[{"href":"https:\/\/cocokitecolombia.com\/index.php\/wp-json\/wp\/v2\/pages"}],"about":[{"href":"https:\/\/cocokitecolombia.com\/index.php\/wp-json\/wp\/v2\/types\/page"}],"author":[{"embeddable":true,"href":"https:\/\/cocokitecolombia.com\/index.php\/wp-json\/wp\/v2\/users\/1"}],"replies":[{"embeddable":true,"href":"https:\/\/cocokitecolombia.com\/index.php\/wp-json\/wp\/v2\/comments?post=4537"}],"version-history":[{"count":8,"href":"https:\/\/cocokitecolombia.com\/index.php\/wp-json\/wp\/v2\/pages\/4537\/revisions"}],"predecessor-version":[{"id":4942,"href":"https:\/\/cocokitecolombia.com\/index.php\/wp-json\/wp\/v2\/pages\/4537\/revisions\/4942"}],"wp:attachment":[{"href":"https:\/\/cocokitecolombia.com\/index.php\/wp-json\/wp\/v2\/media?parent=4537"}],"curies":[{"name":"wp","href":"https:\/\/api.w.org\/{rel}","templated":true}]}}