{"id":4573,"date":"2025-12-01T16:20:47","date_gmt":"2025-12-01T15:20:47","guid":{"rendered":"https:\/\/cocokitecolombia.com\/?page_id=4573"},"modified":"2025-12-03T14:59:38","modified_gmt":"2025-12-03T13:59:38","slug":"downwinds-fr","status":"publish","type":"page","link":"https:\/\/cocokitecolombia.com\/index.php\/fr\/downwinds-fr\/","title":{"rendered":"Downwinds \u2013 Fran\u00e7ais"},"content":{"rendered":"\n<div class=\"wp-block-uagb-container uagb-block-e392905b alignfull uagb-is-root-container\"><div class=\"uagb-container-inner-blocks-wrap\">\n<div data-aos= \"fade-up\" data-aos-duration=\"400\" data-aos-delay=\"0\" data-aos-easing=\"ease\" data-aos-once=\"true\" class=\"wp-block-uagb-advanced-heading uagb-block-1348e400\"><h1 class=\"uagb-heading-text\">Downwind . Lagune<\/h1><\/div>\n<\/div><\/div>\n\n\n\n<div class=\"wp-block-uagb-container uagb-block-2408c506 alignfull uagb-is-root-container\"><div class=\"uagb-container-inner-blocks-wrap\">\n<div data-aos= \"fade-up\" data-aos-duration=\"400\" data-aos-delay=\"0\" data-aos-easing=\"ease\" data-aos-once=\"true\" class=\"wp-block-uagb-info-box uagb-block-9bf9ff19 uagb-infobox__content-wrap  uagb-infobox-icon-above-title uagb-infobox-image-valign-top\"><div class=\"uagb-ifb-content\"><div class=\"uagb-ifb-icon-wrap\"><svg xmlns=\"https:\/\/www.w3.org\/2000\/svg\" viewBox=\"0 0 512 512\"><path d=\"M320 256C302.3 256 288 270.3 288 288C288 305.7 302.3 320 320 320H416C469 320 512 362.1 512 416C512 469 469 512 416 512H139.6C148.3 502.1 158.9 489.4 169.6 475.2C175.9 466.8 182.4 457.6 188.6 448H416C433.7 448 448 433.7 448 416C448 398.3 433.7 384 416 384H320C266.1 384 223.1 341 223.1 288C223.1 234.1 266.1 192 320 192H362.1C340.2 161.5 320 125.4 320 96C320 42.98 362.1 0 416 0C469 0 512 42.98 512 96C512 160 416 256 416 256H320zM416 128C433.7 128 448 113.7 448 96C448 78.33 433.7 64 416 64C398.3 64 384 78.33 384 96C384 113.7 398.3 128 416 128zM118.3 487.8C118.1 488 117.9 488.2 117.7 488.4C113.4 493.4 109.5 497.7 106.3 501.2C105.9 501.6 105.5 502 105.2 502.4C99.5 508.5 96 512 96 512C96 512 0 416 0 352C0 298.1 42.98 255.1 96 255.1C149 255.1 192 298.1 192 352C192 381.4 171.8 417.5 149.9 448C138.1 463.2 127.7 476.9 118.3 487.8L118.3 487.8zM95.1 384C113.7 384 127.1 369.7 127.1 352C127.1 334.3 113.7 320 95.1 320C78.33 320 63.1 334.3 63.1 352C63.1 369.7 78.33 384 95.1 384z\"><\/path><\/svg><\/div><div class=\"uagb-ifb-title-wrap\"><h2 class=\"uagb-ifb-title\">Plongeons dans l\u2019aventure !&nbsp;<\/h2><\/div><\/div><\/div>\n<\/div><\/div>\n\n\n\n<div class=\"wp-block-uagb-container uagb-block-afc507f4 alignfull uagb-is-root-container\"><div class=\"uagb-container-inner-blocks-wrap\">\n<div class=\"wp-block-uagb-container uagb-block-3f797ff0\">\t\t\t\t\t<div\n\t\t\t\t\t\tclass=\"wp-block-uagb-image-gallery uagb-block-551100e0     \"\n\t\t\t\t\t\tstyle=\"\"\n\t\t\t\t\t>\n\t\t\t\t\t\t\t\t\t\t\t<div class=\"spectra-image-gallery spectra-image-gallery__layout--carousel\">\n\t\t\t\t\t\t\t\t<div class=\"uagb-slick-carousel uagb-block-551100e0\">\n\t\t\t\t\t\t\t\t\t\t\t\t<div class='spectra-image-gallery__media-wrapper' data-spectra-gallery-image-id='2877'>\n\t\t\t\t\t\t\t<div class=\"spectra-image-gallery__media spectra-image-gallery__media--carousel\">\n\t\t\t\t<picture>\n\t\t\t\t\t<source media=\"(min-width: 1024px)\" srcset=\"https:\/\/cocokitecolombia.com\/wp-content\/uploads\/2023\/12\/2-downwind-coco-kite-surf-school-mayapo-riohacha-colombia-1024x822.webp\">\n\t\t\t\t\t<source media=\"(min-width: 768px)\" srcset=\"https:\/\/cocokitecolombia.com\/wp-content\/uploads\/2023\/12\/2-downwind-coco-kite-surf-school-mayapo-riohacha-colombia-1024x822.webp\">\n\t\t\t\t\t<img decoding=\"async\" class=\"spectra-image-gallery__media-thumbnail spectra-image-gallery__media-thumbnail--carousel\" src=\"https:\/\/cocokitecolombia.com\/wp-content\/uploads\/2023\/12\/2-downwind-coco-kite-surf-school-mayapo-riohacha-colombia-scaled.webp\" alt=\"\" loading=\"lazy\" \/>\n\t\t\t\t<\/picture>\n\t\t\t\t<div class=\"spectra-image-gallery__media-thumbnail-blurrer\"><\/div>\n\t\t\t\t\t\t\t\t\t\t\t<div class=\"spectra-image-gallery__media-thumbnail-caption-wrapper spectra-image-gallery__media-thumbnail-caption-wrapper--overlay\"><\/div>\n\t\t\t\t\t\t\t\t<\/div>\n\t\t\t\t\t\t<\/div>\n\t\t\t\t\t\t<div class='spectra-image-gallery__media-wrapper' data-spectra-gallery-image-id='2878'>\n\t\t\t\t\t\t\t<div class=\"spectra-image-gallery__media spectra-image-gallery__media--carousel\">\n\t\t\t\t<picture>\n\t\t\t\t\t<source media=\"(min-width: 1024px)\" srcset=\"https:\/\/cocokitecolombia.com\/wp-content\/uploads\/2023\/12\/1-downwind-coco-kite-surf-school-mayapo-riohacha-colombia-1024x896.webp\">\n\t\t\t\t\t<source media=\"(min-width: 768px)\" srcset=\"https:\/\/cocokitecolombia.com\/wp-content\/uploads\/2023\/12\/1-downwind-coco-kite-surf-school-mayapo-riohacha-colombia-1024x896.webp\">\n\t\t\t\t\t<img decoding=\"async\" class=\"spectra-image-gallery__media-thumbnail spectra-image-gallery__media-thumbnail--carousel\" src=\"https:\/\/cocokitecolombia.com\/wp-content\/uploads\/2023\/12\/1-downwind-coco-kite-surf-school-mayapo-riohacha-colombia-scaled.webp\" alt=\"\" loading=\"lazy\" \/>\n\t\t\t\t<\/picture>\n\t\t\t\t<div class=\"spectra-image-gallery__media-thumbnail-blurrer\"><\/div>\n\t\t\t\t\t\t\t\t\t\t\t<div class=\"spectra-image-gallery__media-thumbnail-caption-wrapper spectra-image-gallery__media-thumbnail-caption-wrapper--overlay\"><\/div>\n\t\t\t\t\t\t\t\t<\/div>\n\t\t\t\t\t\t<\/div>\n\t\t\t\t\t\t\t\t\t\t\t<\/div>\n\t\t\t\t\t\t\t<\/div>\n\t\t\t\t\t\t\t\t\t\t\t<\/div>\n\t\t\t\t\t\t\t\t\t<\/div>\n\n\n\n<div class=\"wp-block-uagb-container uagb-block-fedd0fb9\">\n<div class=\"wp-block-uagb-info-box uagb-block-0ea537e7 uagb-infobox__content-wrap  uagb-infobox-icon-above-title uagb-infobox-image-valign-top\"><div class=\"uagb-ifb-content\"><div class=\"uagb-ifb-title-wrap\"><h3 class=\"uagb-ifb-title\">Mayapo-Riohacha<\/h3><\/div><\/div><\/div>\n\n\n\n<div class=\"wp-block-uagb-icon-list uagb-block-1889702a\"><div class=\"uagb-icon-list__wrap\">\n<div class=\"wp-block-uagb-icon-list-child uagb-block-9d3e62f9\"><span class=\"uagb-icon-list__source-wrap\"><svg xmlns=\"https:\/\/www.w3.org\/2000\/svg\" viewBox=\"0 0 576 512\"><path d=\"M384 476.1L192 421.2V35.93L384 90.79V476.1zM416 88.37L543.1 37.53C558.9 31.23 576 42.84 576 59.82V394.6C576 404.4 570 413.2 560.9 416.9L416 474.8V88.37zM15.09 95.13L160 37.17V423.6L32.91 474.5C17.15 480.8 0 469.2 0 452.2V117.4C0 107.6 5.975 98.78 15.09 95.13V95.13z\"><\/path><\/svg><\/span><span class=\"uagb-icon-list__label\">20km<\/span><\/div>\n\n\n\n<div class=\"wp-block-uagb-icon-list-child uagb-block-04538eb0\"><span class=\"uagb-icon-list__source-wrap\"><svg xmlns=\"https:\/\/www.w3.org\/2000\/svg\" viewBox=\"0 0 512 512\"><path d=\"M256 512C114.6 512 0 397.4 0 256C0 114.6 114.6 0 256 0C397.4 0 512 114.6 512 256C512 397.4 397.4 512 256 512zM232 256C232 264 236 271.5 242.7 275.1L338.7 339.1C349.7 347.3 364.6 344.3 371.1 333.3C379.3 322.3 376.3 307.4 365.3 300L280 243.2V120C280 106.7 269.3 96 255.1 96C242.7 96 231.1 106.7 231.1 120L232 256z\"><\/path><\/svg><\/span><span class=\"uagb-icon-list__label\">30-70min<\/span><\/div>\n\n\n\n<div class=\"wp-block-uagb-icon-list-child uagb-block-ad1e7141\"><a target=\"_self\" aria-label=\"Minimum 3 Riders\" rel=\"noopener noreferrer\" href=\"#\"> <\/a><span class=\"uagb-icon-list__source-wrap\"><svg xmlns=\"https:\/\/www.w3.org\/2000\/svg\" viewBox=\"0 0 640 512\"><path d=\"M184 88C184 118.9 158.9 144 128 144C97.07 144 72 118.9 72 88C72 57.07 97.07 32 128 32C158.9 32 184 57.07 184 88zM208.4 196.3C178.7 222.7 160 261.2 160 304C160 338.3 171.1 369.8 192 394.5V416C192 433.7 177.7 448 160 448H96C78.33 448 64 433.7 64 416V389.2C26.16 371.2 0 332.7 0 288C0 226.1 50.14 176 112 176H144C167.1 176 190.2 183.5 208.4 196.3V196.3zM64 245.7C54.04 256.9 48 271.8 48 288C48 304.2 54.04 319.1 64 330.3V245.7zM448 416V394.5C468 369.8 480 338.3 480 304C480 261.2 461.3 222.7 431.6 196.3C449.8 183.5 472 176 496 176H528C589.9 176 640 226.1 640 288C640 332.7 613.8 371.2 576 389.2V416C576 433.7 561.7 448 544 448H480C462.3 448 448 433.7 448 416zM576 330.3C585.1 319.1 592 304.2 592 288C592 271.8 585.1 256.9 576 245.7V330.3zM568 88C568 118.9 542.9 144 512 144C481.1 144 456 118.9 456 88C456 57.07 481.1 32 512 32C542.9 32 568 57.07 568 88zM256 96C256 60.65 284.7 32 320 32C355.3 32 384 60.65 384 96C384 131.3 355.3 160 320 160C284.7 160 256 131.3 256 96zM448 304C448 348.7 421.8 387.2 384 405.2V448C384 465.7 369.7 480 352 480H288C270.3 480 256 465.7 256 448V405.2C218.2 387.2 192 348.7 192 304C192 242.1 242.1 192 304 192H336C397.9 192 448 242.1 448 304zM256 346.3V261.7C246 272.9 240 287.8 240 304C240 320.2 246 335.1 256 346.3zM384 261.7V346.3C393.1 335 400 320.2 400 304C400 287.8 393.1 272.9 384 261.7z\"><\/path><\/svg><\/span><span class=\"uagb-icon-list__label\">Minimum 3 Riders<\/span><\/div>\n\n\n\n<div class=\"wp-block-uagb-icon-list-child uagb-block-6da17041\"><a target=\"_self\" aria-label=\"Nous le faisons g\u00e9n\u00e9ralement l\u2019apr\u00e8s-midi pour finir au coucher du soleil \u00e0 Riohacha, avec une boisson fra\u00eeche \u00e0 la main.\" rel=\"noopener noreferrer\" href=\"#\"> <\/a><span class=\"uagb-icon-list__source-wrap\"><svg xmlns=\"https:\/\/www.w3.org\/2000\/svg\" viewBox=\"0 0 640 512\"><path d=\"M115.4 136.8l102.1 37.35c35.13-81.62 86.25-144.4 139-173.7c-95.88-4.875-188.8 36.96-248.5 111.7C101.2 120.6 105.2 133.2 115.4 136.8zM247.6 185l238.5 86.87c35.75-121.4 18.62-231.6-42.63-253.9c-7.375-2.625-15.12-4.062-23.12-4.062C362.4 13.88 292.1 83.13 247.6 185zM521.5 60.51c6.25 16.25 10.75 34.62 13.13 55.25c5.75 49.87-1.376 108.1-18.88 166.9l102.6 37.37c10.13 3.75 21.25-3.375 21.5-14.12C642.3 210.1 598 118.4 521.5 60.51zM528 448h-207l65-178.5l-60.13-21.87l-72.88 200.4H48C21.49 448 0 469.5 0 496C0 504.8 7.163 512 16 512h544c8.837 0 16-7.163 16-15.1C576 469.5 554.5 448 528 448z\"><\/path><\/svg><\/span><span class=\"uagb-icon-list__label\">Nous le faisons g\u00e9n\u00e9ralement l\u2019apr\u00e8s-midi pour finir au coucher du soleil \u00e0 Riohacha, avec une boisson fra\u00eeche \u00e0 la main.<\/span><\/div>\n<\/div><\/div>\n\n\n\n<div class=\"wp-block-uagb-info-box uagb-block-f6b9955f uagb-infobox__content-wrap  uagb-infobox-icon-above-title uagb-infobox-image-valign-top\"><div class=\"uagb-ifb-content\"><div class=\"uagb-ifb-title-wrap\"><\/div><div class=\"uagb-ifb-button-wrapper wp-block-button\"><a href=\"https:\/\/api.whatsapp.com\/send?phone=573137260548&amp;text=Hello%20%F0%9F%91%8B!%20I%20want%20to%20make%20a%20reservation%20for%20Downwinds%20&amp;%20Lagoon...\" class=\"uagb-infobox-cta-link wp-block-button__link\" target=\"_blank\" rel=\"noopener noreferrer\" onclick=\"return true;\"><span class=\"uagb-inline-editing\">R\u00e9serve maintenant<\/span><\/a><\/div><\/div><\/div>\n<\/div>\n<\/div><\/div>\n\n\n\n<div class=\"wp-block-uagb-container right-image-block uagb-block-a475702a alignfull uagb-is-root-container\"><div class=\"uagb-container-inner-blocks-wrap\">\n<div class=\"wp-block-uagb-container uagb-block-627cbe08\">\n<div class=\"wp-block-uagb-info-box uagb-block-92f95ac1 uagb-infobox__content-wrap  uagb-infobox-icon-above-title uagb-infobox-image-valign-top\"><div class=\"uagb-ifb-content\"><div class=\"uagb-ifb-title-wrap\"><h3 class=\"uagb-ifb-title\">Explore La Lagune<\/h3><\/div><\/div><\/div>\n\n\n\n<div class=\"wp-block-uagb-icon-list uagb-block-f7cfbd2b\"><div class=\"uagb-icon-list__wrap\">\n<div class=\"wp-block-uagb-icon-list-child uagb-block-fca7f215\"><span class=\"uagb-icon-list__source-wrap\"><svg xmlns=\"https:\/\/www.w3.org\/2000\/svg\" viewBox=\"0 0 576 512\"><path d=\"M384 476.1L192 421.2V35.93L384 90.79V476.1zM416 88.37L543.1 37.53C558.9 31.23 576 42.84 576 59.82V394.6C576 404.4 570 413.2 560.9 416.9L416 474.8V88.37zM15.09 95.13L160 37.17V423.6L32.91 474.5C17.15 480.8 0 469.2 0 452.2V117.4C0 107.6 5.975 98.78 15.09 95.13V95.13z\"><\/path><\/svg><\/span><span class=\"uagb-icon-list__label\">4km<\/span><\/div>\n\n\n\n<div class=\"wp-block-uagb-icon-list-child uagb-block-582bb854\"><span class=\"uagb-icon-list__source-wrap\"><svg xmlns=\"https:\/\/www.w3.org\/2000\/svg\" viewBox=\"0 0 512 512\"><path d=\"M256 512C114.6 512 0 397.4 0 256C0 114.6 114.6 0 256 0C397.4 0 512 114.6 512 256C512 397.4 397.4 512 256 512zM232 256C232 264 236 271.5 242.7 275.1L338.7 339.1C349.7 347.3 364.6 344.3 371.1 333.3C379.3 322.3 376.3 307.4 365.3 300L280 243.2V120C280 106.7 269.3 96 255.1 96C242.7 96 231.1 106.7 231.1 120L232 256z\"><\/path><\/svg><\/span><span class=\"uagb-icon-list__label\">20 min + temps de navigation dans la lagune<\/span><\/div>\n\n\n\n<div class=\"wp-block-uagb-icon-list-child uagb-block-7872aedd\"><a target=\"_self\" aria-label=\"Un downwinder tr\u00e8s court, id\u00e9al pour d\u00e9buter!\" rel=\"noopener noreferrer\" href=\"#\"> <\/a><span class=\"uagb-icon-list__source-wrap\"><svg xmlns=\"https:\/\/www.w3.org\/2000\/svg\" viewBox=\"0 0 512 512\"><path d=\"M128 447.1V223.1c0-17.67-14.33-31.1-32-31.1H32c-17.67 0-32 14.33-32 31.1v223.1c0 17.67 14.33 31.1 32 31.1h64C113.7 479.1 128 465.6 128 447.1zM512 224.1c0-26.5-21.48-47.98-48-47.98h-146.5c22.77-37.91 34.52-80.88 34.52-96.02C352 56.52 333.5 32 302.5 32c-63.13 0-26.36 76.15-108.2 141.6L178 186.6C166.2 196.1 160.2 210 160.1 224c-.0234 .0234 0 0 0 0L160 384c0 15.1 7.113 29.33 19.2 38.39l34.14 25.59C241 468.8 274.7 480 309.3 480H368c26.52 0 48-21.47 48-47.98c0-3.635-.4805-7.143-1.246-10.55C434 415.2 448 397.4 448 376c0-9.148-2.697-17.61-7.139-24.88C463.1 347 480 327.5 480 304.1c0-12.5-4.893-23.78-12.72-32.32C492.2 270.1 512 249.5 512 224.1z\"><\/path><\/svg><\/span><span class=\"uagb-icon-list__label\">Un downwinder tr\u00e8s court, id\u00e9al pour d\u00e9buter!<\/span><\/div>\n\n\n\n<div class=\"wp-block-uagb-icon-list-child uagb-block-7d00f4bb\"><a target=\"_self\" aria-label=\"Peut s'organiser \u00e0 tout moment en vent de mer\" rel=\"noopener noreferrer\" href=\"#\"> <\/a><span class=\"uagb-icon-list__source-wrap\"><svg xmlns=\"https:\/\/www.w3.org\/2000\/svg\" viewBox=\"0 0 512 512\"><path d=\"M32 192h320c52.94 0 96-43.06 96-96s-43.06-96-96-96h-32c-17.69 0-32 14.31-32 32s14.31 32 32 32h32c17.66 0 32 14.34 32 32s-14.34 32-32 32H32C14.31 128 0 142.3 0 160S14.31 192 32 192zM160 320H32c-17.69 0-32 14.31-32 32s14.31 32 32 32h128c17.66 0 32 14.34 32 32s-14.34 32-32 32H128c-17.69 0-32 14.31-32 32s14.31 32 32 32h32c52.94 0 96-43.06 96-96S212.9 320 160 320zM416 224H32C14.31 224 0 238.3 0 256s14.31 32 32 32h384c17.66 0 32 14.34 32 32s-14.34 32-32 32h-32c-17.69 0-32 14.31-32 32s14.31 32 32 32h32c52.94 0 96-43.06 96-96S468.9 224 416 224z\"><\/path><\/svg><\/span><span class=\"uagb-icon-list__label\">Peut s&#8217;organiser \u00e0 tout moment en vent de mer<\/span><\/div>\n<\/div><\/div>\n\n\n\n<div class=\"wp-block-uagb-info-box uagb-block-8c3985f5 uagb-infobox__content-wrap  uagb-infobox-icon-above-title uagb-infobox-image-valign-top\"><div class=\"uagb-ifb-content\"><div class=\"uagb-ifb-title-wrap\"><\/div><div class=\"uagb-ifb-button-wrapper wp-block-button\"><a href=\"https:\/\/api.whatsapp.com\/send?phone=573137260548&amp;text=Hello%20%F0%9F%91%8B!%20I%20want%20to%20make%20a%20reservation%20for%20Downwinds%20&amp;%20Lagoon...\" class=\"uagb-infobox-cta-link wp-block-button__link\" target=\"_blank\" rel=\"noopener noreferrer\" onclick=\"return true;\"><span class=\"uagb-inline-editing\">R\u00e9serve maintenant<\/span><\/a><\/div><\/div><\/div>\n<\/div>\n\n\n\n<div class=\"wp-block-uagb-container uagb-block-f6f2552d\">\t\t\t\t\t<div\n\t\t\t\t\t\tclass=\"wp-block-uagb-image-gallery uagb-block-a852eb8d     \"\n\t\t\t\t\t\tstyle=\"\"\n\t\t\t\t\t>\n\t\t\t\t\t\t\t\t\t\t\t<div class=\"spectra-image-gallery spectra-image-gallery__layout--carousel\">\n\t\t\t\t\t\t\t\t<div class=\"uagb-slick-carousel uagb-block-a852eb8d\">\n\t\t\t\t\t\t\t\t\t\t\t\t<div class='spectra-image-gallery__media-wrapper' data-spectra-gallery-image-id='2879'>\n\t\t\t\t\t\t\t<div class=\"spectra-image-gallery__media spectra-image-gallery__media--carousel\">\n\t\t\t\t<picture>\n\t\t\t\t\t<source media=\"(min-width: 1024px)\" srcset=\"https:\/\/cocokitecolombia.com\/wp-content\/uploads\/2023\/12\/4-downwind-coco-kite-surf-school-mayapo-riohacha-colombia-1024x683.webp\">\n\t\t\t\t\t<source media=\"(min-width: 768px)\" srcset=\"https:\/\/cocokitecolombia.com\/wp-content\/uploads\/2023\/12\/4-downwind-coco-kite-surf-school-mayapo-riohacha-colombia-1024x683.webp\">\n\t\t\t\t\t<img decoding=\"async\" class=\"spectra-image-gallery__media-thumbnail spectra-image-gallery__media-thumbnail--carousel\" src=\"https:\/\/cocokitecolombia.com\/wp-content\/uploads\/2023\/12\/4-downwind-coco-kite-surf-school-mayapo-riohacha-colombia-scaled.webp\" alt=\"\" loading=\"lazy\" \/>\n\t\t\t\t<\/picture>\n\t\t\t\t<div class=\"spectra-image-gallery__media-thumbnail-blurrer\"><\/div>\n\t\t\t\t\t\t\t\t\t\t\t<div class=\"spectra-image-gallery__media-thumbnail-caption-wrapper spectra-image-gallery__media-thumbnail-caption-wrapper--overlay\"><\/div>\n\t\t\t\t\t\t\t\t<\/div>\n\t\t\t\t\t\t<\/div>\n\t\t\t\t\t\t<div class='spectra-image-gallery__media-wrapper' data-spectra-gallery-image-id='2880'>\n\t\t\t\t\t\t\t<div class=\"spectra-image-gallery__media spectra-image-gallery__media--carousel\">\n\t\t\t\t<picture>\n\t\t\t\t\t<source media=\"(min-width: 1024px)\" srcset=\"https:\/\/cocokitecolombia.com\/wp-content\/uploads\/2023\/12\/3-downwind-coco-kite-surf-school-mayapo-riohacha-colombia-1024x682.webp\">\n\t\t\t\t\t<source media=\"(min-width: 768px)\" srcset=\"https:\/\/cocokitecolombia.com\/wp-content\/uploads\/2023\/12\/3-downwind-coco-kite-surf-school-mayapo-riohacha-colombia-1024x682.webp\">\n\t\t\t\t\t<img decoding=\"async\" class=\"spectra-image-gallery__media-thumbnail spectra-image-gallery__media-thumbnail--carousel\" src=\"https:\/\/cocokitecolombia.com\/wp-content\/uploads\/2023\/12\/3-downwind-coco-kite-surf-school-mayapo-riohacha-colombia-scaled.webp\" alt=\"\" loading=\"lazy\" \/>\n\t\t\t\t<\/picture>\n\t\t\t\t<div class=\"spectra-image-gallery__media-thumbnail-blurrer\"><\/div>\n\t\t\t\t\t\t\t\t\t\t\t<div class=\"spectra-image-gallery__media-thumbnail-caption-wrapper spectra-image-gallery__media-thumbnail-caption-wrapper--overlay\"><\/div>\n\t\t\t\t\t\t\t\t<\/div>\n\t\t\t\t\t\t<\/div>\n\t\t\t\t\t\t\t\t\t\t\t<\/div>\n\t\t\t\t\t\t\t<\/div>\n\t\t\t\t\t\t\t\t\t\t\t<\/div>\n\t\t\t\t\t\t\t\t\t<\/div>\n<\/div><\/div>\n\n\n\n<div class=\"wp-block-uagb-container uagb-block-89bff973 alignfull uagb-is-root-container\"><div class=\"uagb-container-inner-blocks-wrap\">\n<div class=\"wp-block-uagb-container uagb-block-0d78322f\">\t\t\t\t\t<div\n\t\t\t\t\t\tclass=\"wp-block-uagb-image-gallery uagb-block-0eb1b51e     \"\n\t\t\t\t\t\tstyle=\"\"\n\t\t\t\t\t>\n\t\t\t\t\t\t\t\t\t\t\t<div class=\"spectra-image-gallery spectra-image-gallery__layout--carousel\">\n\t\t\t\t\t\t\t\t<div class=\"uagb-slick-carousel uagb-block-0eb1b51e\">\n\t\t\t\t\t\t\t\t\t\t\t\t<div class='spectra-image-gallery__media-wrapper' data-spectra-gallery-image-id='2881'>\n\t\t\t\t\t\t\t<div class=\"spectra-image-gallery__media spectra-image-gallery__media--carousel\">\n\t\t\t\t<picture>\n\t\t\t\t\t<source media=\"(min-width: 1024px)\" srcset=\"https:\/\/cocokitecolombia.com\/wp-content\/uploads\/2023\/12\/6-downwind-coco-kite-surf-school-mayapo-riohacha-colombia-767x1024.webp\">\n\t\t\t\t\t<source media=\"(min-width: 768px)\" srcset=\"https:\/\/cocokitecolombia.com\/wp-content\/uploads\/2023\/12\/6-downwind-coco-kite-surf-school-mayapo-riohacha-colombia-767x1024.webp\">\n\t\t\t\t\t<img decoding=\"async\" class=\"spectra-image-gallery__media-thumbnail spectra-image-gallery__media-thumbnail--carousel\" src=\"https:\/\/cocokitecolombia.com\/wp-content\/uploads\/2023\/12\/6-downwind-coco-kite-surf-school-mayapo-riohacha-colombia.webp\" alt=\"\" loading=\"lazy\" \/>\n\t\t\t\t<\/picture>\n\t\t\t\t<div class=\"spectra-image-gallery__media-thumbnail-blurrer\"><\/div>\n\t\t\t\t\t\t\t\t\t\t\t<div class=\"spectra-image-gallery__media-thumbnail-caption-wrapper spectra-image-gallery__media-thumbnail-caption-wrapper--overlay\"><\/div>\n\t\t\t\t\t\t\t\t<\/div>\n\t\t\t\t\t\t<\/div>\n\t\t\t\t\t\t<div class='spectra-image-gallery__media-wrapper' data-spectra-gallery-image-id='2882'>\n\t\t\t\t\t\t\t<div class=\"spectra-image-gallery__media spectra-image-gallery__media--carousel\">\n\t\t\t\t<picture>\n\t\t\t\t\t<source media=\"(min-width: 1024px)\" srcset=\"https:\/\/cocokitecolombia.com\/wp-content\/uploads\/2023\/12\/5-downwind-coco-kite-surf-school-mayapo-riohacha-colombia-1024x852.webp\">\n\t\t\t\t\t<source media=\"(min-width: 768px)\" srcset=\"https:\/\/cocokitecolombia.com\/wp-content\/uploads\/2023\/12\/5-downwind-coco-kite-surf-school-mayapo-riohacha-colombia-1024x852.webp\">\n\t\t\t\t\t<img decoding=\"async\" class=\"spectra-image-gallery__media-thumbnail spectra-image-gallery__media-thumbnail--carousel\" src=\"https:\/\/cocokitecolombia.com\/wp-content\/uploads\/2023\/12\/5-downwind-coco-kite-surf-school-mayapo-riohacha-colombia-scaled.webp\" alt=\"\" loading=\"lazy\" \/>\n\t\t\t\t<\/picture>\n\t\t\t\t<div class=\"spectra-image-gallery__media-thumbnail-blurrer\"><\/div>\n\t\t\t\t\t\t\t\t\t\t\t<div class=\"spectra-image-gallery__media-thumbnail-caption-wrapper spectra-image-gallery__media-thumbnail-caption-wrapper--overlay\"><\/div>\n\t\t\t\t\t\t\t\t<\/div>\n\t\t\t\t\t\t<\/div>\n\t\t\t\t\t\t\t\t\t\t\t<\/div>\n\t\t\t\t\t\t\t<\/div>\n\t\t\t\t\t\t\t\t\t\t\t<\/div>\n\t\t\t\t\t\t\t\t\t<\/div>\n\n\n\n<div class=\"wp-block-uagb-container uagb-block-8b6864dc\">\n<div class=\"wp-block-uagb-info-box uagb-block-d78137a7 uagb-infobox__content-wrap  uagb-infobox-icon-above-title uagb-infobox-image-valign-top\"><div class=\"uagb-ifb-content\"><div class=\"uagb-ifb-title-wrap\"><h3 class=\"uagb-ifb-title\">Punta Gallinas downwinders<\/h3><\/div><p class=\"uagb-ifb-desc\">Punta Gallinas vous propose une s\u00e9rie de downwinders inoubliables dans des d\u00e9cors \u00e0 couper le souffle. Laissez-nous vous aider \u00e0 organiser cette aventure avec notre partenaire local!<\/p><\/div><\/div>\n\n\n\n<div class=\"wp-block-uagb-info-box uagb-block-0d6dfea5 uagb-infobox__content-wrap  uagb-infobox-icon-above-title uagb-infobox-image-valign-top\"><div class=\"uagb-ifb-content\"><div class=\"uagb-ifb-title-wrap\"><\/div><div class=\"uagb-ifb-button-wrapper wp-block-button\"><a href=\"https:\/\/api.whatsapp.com\/send?phone=573137260548&amp;text=Hello%20%F0%9F%91%8B!%20I%20want%20to%20make%20a%20reservation%20for%20Downwinds%20&amp;%20Lagoon...\" class=\"uagb-infobox-cta-link wp-block-button__link\" target=\"_blank\" rel=\"noopener noreferrer\" onclick=\"return true;\"><span class=\"uagb-inline-editing\">R\u00e9serve maintenant<\/span><\/a><\/div><\/div><\/div>\n<\/div>\n<\/div><\/div>\n","protected":false},"excerpt":{"rendered":"<p>Downwind . Lagune<\/p>\n","protected":false},"author":1,"featured_media":0,"parent":0,"menu_order":0,"comment_status":"closed","ping_status":"closed","template":"","meta":{"_uag_custom_page_level_css":"","site-sidebar-layout":"no-sidebar","site-content-layout":"plain-container","ast-site-content-layout":"normal-width-container","site-content-style":"unboxed","site-sidebar-style":"unboxed","ast-global-header-display":"","ast-banner-title-visibility":"","ast-main-header-display":"","ast-hfb-above-header-display":"","ast-hfb-below-header-display":"","ast-hfb-mobile-header-display":"","site-post-title":"disabled","ast-breadcrumbs-content":"disabled","ast-featured-img":"disabled","footer-sml-layout":"","ast-disable-related-posts":"","theme-transparent-header-meta":"enabled","adv-header-id-meta":"","stick-header-meta":"","header-above-stick-meta":"","header-main-stick-meta":"","header-below-stick-meta":"","astra-migrate-meta-layouts":"set","ast-page-background-enabled":"default","ast-page-background-meta":{"desktop":{"background-color":"","background-image":"","background-repeat":"repeat","background-position":"center center","background-size":"auto","background-attachment":"scroll","background-type":"","background-media":"","overlay-type":"","overlay-color":"","overlay-opacity":"","overlay-gradient":""},"tablet":{"background-color":"","background-image":"","background-repeat":"repeat","background-position":"center center","background-size":"auto","background-attachment":"scroll","background-type":"","background-media":"","overlay-type":"","overlay-color":"","overlay-opacity":"","overlay-gradient":""},"mobile":{"background-color":"","background-image":"","background-repeat":"repeat","background-position":"center center","background-size":"auto","background-attachment":"scroll","background-type":"","background-media":"","overlay-type":"","overlay-color":"","overlay-opacity":"","overlay-gradient":""}},"ast-content-background-meta":{"desktop":{"background-color":"var(--ast-global-color-5)","background-image":"","background-repeat":"repeat","background-position":"center center","background-size":"auto","background-attachment":"scroll","background-type":"","background-media":"","overlay-type":"","overlay-color":"","overlay-opacity":"","overlay-gradient":""},"tablet":{"background-color":"var(--ast-global-color-5)","background-image":"","background-repeat":"repeat","background-position":"center center","background-size":"auto","background-attachment":"scroll","background-type":"","background-media":"","overlay-type":"","overlay-color":"","overlay-opacity":"","overlay-gradient":""},"mobile":{"background-color":"var(--ast-global-color-5)","background-image":"","background-repeat":"repeat","background-position":"center center","background-size":"auto","background-attachment":"scroll","background-type":"","background-media":"","overlay-type":"","overlay-color":"","overlay-opacity":"","overlay-gradient":""}},"footnotes":""},"class_list":["post-4573","page","type-page","status-publish","hentry"],"uagb_featured_image_src":{"full":false,"thumbnail":false,"medium":false,"medium_large":false,"large":false,"1536x1536":false,"2048x2048":false},"uagb_author_info":{"display_name":"cocokitecolombia","author_link":"https:\/\/cocokitecolombia.com\/index.php\/author\/cocokitecolombia\/"},"uagb_comment_info":0,"uagb_excerpt":"Downwind . Lagune","_links":{"self":[{"href":"https:\/\/cocokitecolombia.com\/index.php\/wp-json\/wp\/v2\/pages\/4573","targetHints":{"allow":["GET"]}}],"collection":[{"href":"https:\/\/cocokitecolombia.com\/index.php\/wp-json\/wp\/v2\/pages"}],"about":[{"href":"https:\/\/cocokitecolombia.com\/index.php\/wp-json\/wp\/v2\/types\/page"}],"author":[{"embeddable":true,"href":"https:\/\/cocokitecolombia.com\/index.php\/wp-json\/wp\/v2\/users\/1"}],"replies":[{"embeddable":true,"href":"https:\/\/cocokitecolombia.com\/index.php\/wp-json\/wp\/v2\/comments?post=4573"}],"version-history":[{"count":6,"href":"https:\/\/cocokitecolombia.com\/index.php\/wp-json\/wp\/v2\/pages\/4573\/revisions"}],"predecessor-version":[{"id":4764,"href":"https:\/\/cocokitecolombia.com\/index.php\/wp-json\/wp\/v2\/pages\/4573\/revisions\/4764"}],"wp:attachment":[{"href":"https:\/\/cocokitecolombia.com\/index.php\/wp-json\/wp\/v2\/media?parent=4573"}],"curies":[{"name":"wp","href":"https:\/\/api.w.org\/{rel}","templated":true}]}}