{"id":4602,"date":"2025-12-03T13:14:57","date_gmt":"2025-12-03T12:14:57","guid":{"rendered":"https:\/\/cocokitecolombia.com\/?page_id=4602"},"modified":"2026-02-02T02:09:25","modified_gmt":"2026-02-02T01:09:25","slug":"rentals-es","status":"publish","type":"page","link":"https:\/\/cocokitecolombia.com\/index.php\/es\/rentals-es\/","title":{"rendered":"Rentals \u2013 Espa\u00f1ol"},"content":{"rendered":"\n<div class=\"wp-block-uagb-container uagb-block-e392905b alignfull uagb-is-root-container\"><div class=\"uagb-container-inner-blocks-wrap\">\n<div data-aos= \"fade-up\" data-aos-duration=\"400\" data-aos-delay=\"0\" data-aos-easing=\"ease\" data-aos-once=\"true\" class=\"wp-block-uagb-advanced-heading uagb-block-1348e400\"><h1 class=\"uagb-heading-text\">Alquileres de kite<\/h1><\/div>\n<\/div><\/div>\n\n\n\n<div class=\"wp-block-uagb-container uagb-block-f4ff8baa alignwide uagb-is-root-container\">\n<div class=\"wp-block-group is-nowrap is-layout-flex wp-container-core-group-is-layout-6c531013 wp-block-group-is-layout-flex\">\n<div class=\"wp-block-uagb-info-box uagb-block-0b5f6c6e uagb-infobox__content-wrap  uagb-infobox-icon-above-title uagb-infobox-image-valign-top\"><div class=\"uagb-ifb-content\"><div class=\"uagb-ifb-title-wrap\"><\/div><p class=\"uagb-ifb-desc\">Navega con confianza con nuestros \u00faltimos kites Eleveight &amp; Ozone 2026. Nuestros chequeos semanales garantizan un rendimiento \u00f3ptimo del equipo, asegurando que cada sesi\u00f3n en el agua sea fant\u00e1stica.<\/p><\/div><\/div>\n<\/div>\n<\/div>\n\n\n\n<div class=\"wp-block-uagb-container uagb-block-f9c5af59 alignfull uagb-is-root-container\"><div class=\"uagb-container-inner-blocks-wrap\">\n<div class=\"wp-block-uagb-info-box uagb-block-e687f7a9 uagb-infobox__content-wrap  uagb-infobox-icon-above-title uagb-infobox-image-valign-top\"><div class=\"uagb-ifb-content\"><div class=\"uagb-ifb-image-content\"><img decoding=\"async\" src=\"https:\/\/cocokitecolombia.com\/wp-content\/uploads\/2023\/12\/kitesurfing-300x300.png\" alt=\"\" width=\"80\" height=\"80\" loading=\"lazy\"\/><\/div><div class=\"uagb-ifb-title-wrap\"><h3 class=\"uagb-ifb-title\">El equipo completo incluye<\/h3><\/div><p class=\"uagb-ifb-desc\">Kite y barra, leash, tabla, arn\u00e9s, casco, chaleco salvavidas o de impacto (si es necesario)<\/p><\/div><\/div>\n<\/div><\/div>\n\n\n\n<div class=\"wp-block-uagb-container uagb-block-afc507f4 alignfull uagb-is-root-container\"><div class=\"uagb-container-inner-blocks-wrap\">\n<div class=\"wp-block-uagb-container uagb-block-3f797ff0\">\t\t\t\t\t<div\n\t\t\t\t\t\tclass=\"wp-block-uagb-image-gallery uagb-block-ff444d08     \"\n\t\t\t\t\t\tstyle=\"\"\n\t\t\t\t\t>\n\t\t\t\t\t\t\t\t\t\t\t<div class=\"spectra-image-gallery spectra-image-gallery__layout--carousel\">\n\t\t\t\t\t\t\t\t<div class=\"uagb-slick-carousel uagb-block-ff444d08\">\n\t\t\t\t\t\t\t\t\t\t\t\t<div class='spectra-image-gallery__media-wrapper' data-spectra-gallery-image-id='2176'>\n\t\t\t\t\t\t\t<div class=\"spectra-image-gallery__media spectra-image-gallery__media--carousel\">\n\t\t\t\t<picture>\n\t\t\t\t\t<source media=\"(min-width: 1024px)\" srcset=\"https:\/\/cocokitecolombia.com\/wp-content\/uploads\/2023\/12\/coco-kite-surf-school-mayapo-riohacha-colombia-rentals-rent-scaled-e1702666105885-989x1024.webp\">\n\t\t\t\t\t<source media=\"(min-width: 768px)\" srcset=\"https:\/\/cocokitecolombia.com\/wp-content\/uploads\/2023\/12\/coco-kite-surf-school-mayapo-riohacha-colombia-rentals-rent-scaled-e1702666105885-989x1024.webp\">\n\t\t\t\t\t<img decoding=\"async\" class=\"spectra-image-gallery__media-thumbnail spectra-image-gallery__media-thumbnail--carousel\" src=\"https:\/\/cocokitecolombia.com\/wp-content\/uploads\/2023\/12\/coco-kite-surf-school-mayapo-riohacha-colombia-rentals-rent-scaled-e1702666105885.webp\" alt=\"\" loading=\"lazy\" \/>\n\t\t\t\t<\/picture>\n\t\t\t\t<div class=\"spectra-image-gallery__media-thumbnail-blurrer\"><\/div>\n\t\t\t\t\t\t\t\t\t\t\t<div class=\"spectra-image-gallery__media-thumbnail-caption-wrapper spectra-image-gallery__media-thumbnail-caption-wrapper--overlay\"><\/div>\n\t\t\t\t\t\t\t\t<\/div>\n\t\t\t\t\t\t<\/div>\n\t\t\t\t\t\t\t\t\t\t\t<\/div>\n\t\t\t\t\t\t\t<\/div>\n\t\t\t\t\t\t\t\t\t\t\t<\/div>\n\t\t\t\t\t\t\t\t\t<\/div>\n\n\n\n<div class=\"wp-block-uagb-container price-block uagb-block-fedd0fb9\">\n<div class=\"wp-block-uagb-info-box uagb-block-0ea537e7 uagb-infobox__content-wrap  uagb-infobox-icon-above-title uagb-infobox-image-valign-top\"><div class=\"uagb-ifb-content\"><div class=\"uagb-ifb-title-wrap\"><h3 class=\"uagb-ifb-title\">Alquiler Equipo completo<\/h3><\/div><\/div><\/div>\n\n\n\n<div class=\"wp-block-uagb-restaurant-menu uagb-block-7dec78b9 uagb-rm__desk-column-1 uagb-rm__tablet-column-2 uagb-rm__mobile-column-1\">\n<div class=\"wp-block-uagb-restaurant-menu-child uagb-rest_menu__wrap\"><div class=\"uagb-rm__content\"><div class=\"uagb-rm-details\"><h6 class=\"uagb-rm__title\">1 hr<\/h6><div class=\"uagb-rm__desc\"><\/div><\/div><span class=\"uagb-rm__price\">200,000 COP<\/span><\/div><div class=\"uagb-rm__separator\"><\/div><\/div>\n\n\n\n<div class=\"wp-block-uagb-restaurant-menu-child uagb-rest_menu__wrap\"><div class=\"uagb-rm__content\"><div class=\"uagb-rm-details\"><h6 class=\"uagb-rm__title\">2 hrs<\/h6><div class=\"uagb-rm__desc\"><\/div><\/div><span class=\"uagb-rm__price\">375,000 COP<\/span><\/div><div class=\"uagb-rm__separator\"><\/div><\/div>\n\n\n\n<div class=\"wp-block-uagb-restaurant-menu-child uagb-rest_menu__wrap\"><div class=\"uagb-rm__content\"><div class=\"uagb-rm-details\"><h6 class=\"uagb-rm__title\">D\u00eda completo<\/h6><div class=\"uagb-rm__desc\"><\/div><\/div><span class=\"uagb-rm__price\">450,000 COP<\/span><\/div><div class=\"uagb-rm__separator\"><\/div><\/div>\n\n\n\n<div class=\"wp-block-uagb-restaurant-menu-child uagb-rest_menu__wrap\"><div class=\"uagb-rm__content\"><div class=\"uagb-rm-details\"><h6 class=\"uagb-rm__title\">Paquete de 5h<\/h6><div class=\"uagb-rm__desc\"><\/div><\/div><span class=\"uagb-rm__price\">850,000 COP<\/span><\/div><div class=\"uagb-rm__separator\"><\/div><\/div>\n\n\n\n<div class=\"wp-block-uagb-restaurant-menu-child uagb-rest_menu__wrap\"><div class=\"uagb-rm__content\"><div class=\"uagb-rm-details\"><h6 class=\"uagb-rm__title\">Paquete de 10h<\/h6><div class=\"uagb-rm__desc\"><\/div><\/div><span class=\"uagb-rm__price\">1,650,000 COP<\/span><\/div><div class=\"uagb-rm__separator\"><\/div><\/div>\n\n\n\n<div class=\"wp-block-uagb-restaurant-menu-child uagb-rest_menu__wrap\"><div class=\"uagb-rm__content\"><div class=\"uagb-rm-details\"><h6 class=\"uagb-rm__title\">5 D\u00edas<\/h6><div class=\"uagb-rm__desc\"><\/div><\/div><span class=\"uagb-rm__price\">1,900,000 COP<\/span><\/div><div class=\"uagb-rm__separator\"><\/div><\/div>\n\n\n\n<div class=\"wp-block-uagb-restaurant-menu-child uagb-rest_menu__wrap\"><div class=\"uagb-rm__content\"><div class=\"uagb-rm-details\"><h6 class=\"uagb-rm__title\">7 D\u00edas<\/h6><div class=\"uagb-rm__desc\"><\/div><\/div><span class=\"uagb-rm__price\">2,245,000 COP <\/span><\/div><div class=\"uagb-rm__separator\"><\/div><\/div>\n<\/div>\n\n\n\n<div class=\"wp-block-uagb-info-box uagb-block-88a012d5 uagb-infobox__content-wrap  uagb-infobox-icon-above-title uagb-infobox-image-valign-top\"><div class=\"uagb-ifb-content\"><div class=\"uagb-ifb-title-wrap\"><\/div><div class=\"uagb-ifb-button-wrapper wp-block-button\"><a href=\"https:\/\/api.whatsapp.com\/send?phone=573137260548&amp;text=Hello%20%F0%9F%91%8B!%20I%20want%20to%20rent%20some%20kite%20equipment...\" class=\"uagb-infobox-cta-link wp-block-button__link\" target=\"_blank\" rel=\"noopener noreferrer\" onclick=\"return true;\"><span class=\"uagb-inline-editing\">Alquila ahora<\/span><\/a><\/div><\/div><\/div>\n<\/div>\n<\/div><\/div>\n\n\n\n<div class=\"wp-block-uagb-container right-image-block uagb-block-a495e41d alignfull uagb-is-root-container\"><div class=\"uagb-container-inner-blocks-wrap\">\n<div class=\"wp-block-uagb-container price-block uagb-block-8bc437b6\">\n<div class=\"wp-block-uagb-info-box uagb-block-5fce2c78 uagb-infobox__content-wrap  uagb-infobox-icon-above-title uagb-infobox-image-valign-top\"><div class=\"uagb-ifb-content\"><div class=\"uagb-ifb-title-wrap\"><h3 class=\"uagb-ifb-title\">\u00bfNecesitas solo algunas piezas?<\/h3><\/div><p class=\"uagb-ifb-desc\">\u00a1No hay problema!<br>Alquila elementos individuales del equipo para completar tu setup perfecto.<\/p><\/div><\/div>\n\n\n\n<div class=\"wp-block-uagb-restaurant-menu uagb-block-d0cfaa48 uagb-rm__desk-column-1 uagb-rm__tablet-column-2 uagb-rm__mobile-column-1\">\n<div class=\"wp-block-uagb-restaurant-menu-child uagb-rest_menu__wrap\"><div class=\"uagb-rm__content\"><div class=\"uagb-rm-details\"><h6 class=\"uagb-rm__title\">Tabla 1 hr<\/h6><div class=\"uagb-rm__desc\"><\/div><\/div><span class=\"uagb-rm__price\">60,000 COP<\/span><\/div><div class=\"uagb-rm__separator\"><\/div><\/div>\n\n\n\n<div class=\"wp-block-uagb-restaurant-menu-child uagb-rest_menu__wrap\"><div class=\"uagb-rm__content\"><div class=\"uagb-rm-details\"><h6 class=\"uagb-rm__title\">Tabla 1 D\u00eda<\/h6><div class=\"uagb-rm__desc\"><\/div><\/div><span class=\"uagb-rm__price\">100,000 COP<\/span><\/div><div class=\"uagb-rm__separator\"><\/div><\/div>\n\n\n\n<div class=\"wp-block-uagb-restaurant-menu-child uagb-rest_menu__wrap\"><div class=\"uagb-rm__content\"><div class=\"uagb-rm-details\"><h6 class=\"uagb-rm__title\">Kite + Barra 1 hr<\/h6><div class=\"uagb-rm__desc\"><\/div><\/div><span class=\"uagb-rm__price\">150,000 COP<\/span><\/div><div class=\"uagb-rm__separator\"><\/div><\/div>\n\n\n\n<div class=\"wp-block-uagb-restaurant-menu-child uagb-rest_menu__wrap\"><div class=\"uagb-rm__content\"><div class=\"uagb-rm-details\"><h6 class=\"uagb-rm__title\"><strong>Kite + Barra<\/strong> 1 D\u00eda<\/h6><div class=\"uagb-rm__desc\"><\/div><\/div><span class=\"uagb-rm__price\">350,000 COP<\/span><\/div><div class=\"uagb-rm__separator\"><\/div><\/div>\n\n\n\n<div class=\"wp-block-uagb-restaurant-menu-child uagb-rest_menu__wrap\"><div class=\"uagb-rm__content\"><div class=\"uagb-rm-details\"><h6 class=\"uagb-rm__title\"><strong>Arn\u00e9s<\/strong> 1 hr<\/h6><div class=\"uagb-rm__desc\"><\/div><\/div><span class=\"uagb-rm__price\">40,000 COP<\/span><\/div><div class=\"uagb-rm__separator\"><\/div><\/div>\n\n\n\n<div class=\"wp-block-uagb-restaurant-menu-child uagb-rest_menu__wrap\"><div class=\"uagb-rm__content\"><div class=\"uagb-rm-details\"><h6 class=\"uagb-rm__title\"><strong>Arn\u00e9s<\/strong> 1 D\u00eda<\/h6><div class=\"uagb-rm__desc\"><\/div><\/div><span class=\"uagb-rm__price\">95,000 COP<\/span><\/div><div class=\"uagb-rm__separator\"><\/div><\/div>\n<\/div>\n\n\n\n<div class=\"wp-block-uagb-info-box uagb-block-a406fffb uagb-infobox__content-wrap  uagb-infobox-icon-above-title uagb-infobox-image-valign-top\"><div class=\"uagb-ifb-content\"><div class=\"uagb-ifb-title-wrap\"><\/div><div class=\"uagb-ifb-button-wrapper wp-block-button\"><a href=\"https:\/\/api.whatsapp.com\/send?phone=573137260548&amp;text=Hello%20%F0%9F%91%8B!%20I%20want%20to%20rent%20some%20kite%20equipment...\" class=\"uagb-infobox-cta-link wp-block-button__link\" target=\"_blank\" rel=\"noopener noreferrer\" onclick=\"return true;\"><span class=\"uagb-inline-editing\">Alquila ahora<\/span><\/a><\/div><\/div><\/div>\n<\/div>\n\n\n\n<div class=\"wp-block-uagb-container uagb-block-a31874c5\">\t\t\t\t\t<div\n\t\t\t\t\t\tclass=\"wp-block-uagb-image-gallery uagb-block-47a2b7e4     \"\n\t\t\t\t\t\tstyle=\"\"\n\t\t\t\t\t>\n\t\t\t\t\t\t\t\t\t\t\t<div class=\"spectra-image-gallery spectra-image-gallery__layout--carousel\">\n\t\t\t\t\t\t\t\t<div class=\"uagb-slick-carousel uagb-block-47a2b7e4\">\n\t\t\t\t\t\t\t\t\t\t\t\t<div class='spectra-image-gallery__media-wrapper' data-spectra-gallery-image-id='1707'>\n\t\t\t\t\t\t\t<div class=\"spectra-image-gallery__media spectra-image-gallery__media--carousel\">\n\t\t\t\t<picture>\n\t\t\t\t\t<source media=\"(min-width: 1024px)\" srcset=\"https:\/\/cocokitecolombia.com\/wp-content\/uploads\/2023\/12\/coco-kitesurf-school-rental-assitance-caddy-2-scaled-e1701898238165-1024x806.webp\">\n\t\t\t\t\t<source media=\"(min-width: 768px)\" srcset=\"https:\/\/cocokitecolombia.com\/wp-content\/uploads\/2023\/12\/coco-kitesurf-school-rental-assitance-caddy-2-scaled-e1701898238165-1024x806.webp\">\n\t\t\t\t\t<img decoding=\"async\" class=\"spectra-image-gallery__media-thumbnail spectra-image-gallery__media-thumbnail--carousel\" src=\"https:\/\/cocokitecolombia.com\/wp-content\/uploads\/2023\/12\/coco-kitesurf-school-rental-assitance-caddy-2-scaled-e1701898238165.webp\" alt=\"\" loading=\"lazy\" \/>\n\t\t\t\t<\/picture>\n\t\t\t\t<div class=\"spectra-image-gallery__media-thumbnail-blurrer\"><\/div>\n\t\t\t\t\t\t\t\t\t\t\t<div class=\"spectra-image-gallery__media-thumbnail-caption-wrapper spectra-image-gallery__media-thumbnail-caption-wrapper--overlay\"><\/div>\n\t\t\t\t\t\t\t\t<\/div>\n\t\t\t\t\t\t<\/div>\n\t\t\t\t\t\t\t\t\t\t\t<\/div>\n\t\t\t\t\t\t\t<\/div>\n\t\t\t\t\t\t\t\t\t\t\t<\/div>\n\t\t\t\t\t\t\t\t\t<\/div>\n<\/div><\/div>\n\n\n\n<div class=\"wp-block-uagb-container uagb-block-87938ca2 alignwide uagb-is-root-container\">\n<div class=\"wp-block-uagb-info-box uagb-block-99a0d4a5 uagb-infobox__content-wrap  uagb-infobox-icon-above-title uagb-infobox-image-valign-top\"><div class=\"uagb-ifb-content\"><div class=\"uagb-ifb-icon-wrap\"><svg xmlns=\"https:\/\/www.w3.org\/2000\/svg\" viewBox=\"0 0 512 512\"><path d=\"M328.7 52.28L431.7 119.8C449.5 132.9 453.3 157.9 440.2 175.7C427.1 193.5 402.1 197.3 384.3 184.2L296.6 127.1H191.1C183.2 127.1 175.1 135.2 175.1 143.1C175.1 152.7 183.2 159.1 191.1 159.1H254.2C270.2 159.1 284.1 170.9 287.6 186.6C290.8 206.6 275.5 223.1 255.1 223.1H143.1C116.1 223.1 90.87 214.7 69.87 197.7L23.37 159.1L15.1 160C7.25 160 0 152.7 0 143.1V47.99C0 39.25 7.25 32 15.1 32H266.1C289 32 310.9 39.19 328.7 52.28L328.7 52.28zM151.3 459.7L16.27 360.2C-1.509 347.1-5.305 322.1 7.803 304.3C20.93 286.5 45.94 282.7 63.74 295.8L183.4 384H304C312.8 384 320 376.8 320 368C320 359.3 312.8 352 304 352H225.8C209.8 352 195 341.1 192.4 325.4C189.2 305.4 204.5 288 224 288H352C379 288 405.1 297.3 426.1 314.3L472.6 352L496 352C504.7 352 512 359.3 512 368V464C512 472.8 504.7 480 496 480H213C190.1 480 169.1 472.8 151.3 459.7V459.7z\"><\/path><\/svg><\/div><div class=\"uagb-ifb-title-wrap\"><h3 class=\"uagb-ifb-title\">Asistencia<\/h3><\/div><p class=\"uagb-ifb-desc\">Ofrecemos asistencia para riders que dan sus primeros pasos de manera independiente, brindando un ojo atento mientras practican. El kitesurf es un deporte extremo y \u00a1tu seguridad es nuestra m\u00e1xima prioridad! Organiza tu asistencia por hora con nosotros para una sesi\u00f3n sin preocupaciones.<\/p><\/div><\/div>\n<\/div>\n\n\n\n<p><\/p>\n","protected":false},"excerpt":{"rendered":"<p>Alquileres de kite<\/p>\n","protected":false},"author":1,"featured_media":0,"parent":0,"menu_order":0,"comment_status":"closed","ping_status":"closed","template":"","meta":{"_uag_custom_page_level_css":"","site-sidebar-layout":"no-sidebar","site-content-layout":"plain-container","ast-site-content-layout":"normal-width-container","site-content-style":"unboxed","site-sidebar-style":"unboxed","ast-global-header-display":"","ast-banner-title-visibility":"","ast-main-header-display":"","ast-hfb-above-header-display":"","ast-hfb-below-header-display":"","ast-hfb-mobile-header-display":"","site-post-title":"disabled","ast-breadcrumbs-content":"disabled","ast-featured-img":"disabled","footer-sml-layout":"","ast-disable-related-posts":"","theme-transparent-header-meta":"enabled","adv-header-id-meta":"","stick-header-meta":"","header-above-stick-meta":"","header-main-stick-meta":"","header-below-stick-meta":"","astra-migrate-meta-layouts":"set","ast-page-background-enabled":"default","ast-page-background-meta":{"desktop":{"background-color":"","background-image":"","background-repeat":"repeat","background-position":"center center","background-size":"auto","background-attachment":"scroll","background-type":"","background-media":"","overlay-type":"","overlay-color":"","overlay-opacity":"","overlay-gradient":""},"tablet":{"background-color":"","background-image":"","background-repeat":"repeat","background-position":"center center","background-size":"auto","background-attachment":"scroll","background-type":"","background-media":"","overlay-type":"","overlay-color":"","overlay-opacity":"","overlay-gradient":""},"mobile":{"background-color":"","background-image":"","background-repeat":"repeat","background-position":"center center","background-size":"auto","background-attachment":"scroll","background-type":"","background-media":"","overlay-type":"","overlay-color":"","overlay-opacity":"","overlay-gradient":""}},"ast-content-background-meta":{"desktop":{"background-color":"var(--ast-global-color-5)","background-image":"","background-repeat":"repeat","background-position":"center center","background-size":"auto","background-attachment":"scroll","background-type":"","background-media":"","overlay-type":"","overlay-color":"","overlay-opacity":"","overlay-gradient":""},"tablet":{"background-color":"var(--ast-global-color-5)","background-image":"","background-repeat":"repeat","background-position":"center center","background-size":"auto","background-attachment":"scroll","background-type":"","background-media":"","overlay-type":"","overlay-color":"","overlay-opacity":"","overlay-gradient":""},"mobile":{"background-color":"var(--ast-global-color-5)","background-image":"","background-repeat":"repeat","background-position":"center center","background-size":"auto","background-attachment":"scroll","background-type":"","background-media":"","overlay-type":"","overlay-color":"","overlay-opacity":"","overlay-gradient":""}},"footnotes":""},"class_list":["post-4602","page","type-page","status-publish","hentry"],"uagb_featured_image_src":{"full":false,"thumbnail":false,"medium":false,"medium_large":false,"large":false,"1536x1536":false,"2048x2048":false},"uagb_author_info":{"display_name":"cocokitecolombia","author_link":"https:\/\/cocokitecolombia.com\/index.php\/author\/cocokitecolombia\/"},"uagb_comment_info":0,"uagb_excerpt":"Alquileres de kite","_links":{"self":[{"href":"https:\/\/cocokitecolombia.com\/index.php\/wp-json\/wp\/v2\/pages\/4602","targetHints":{"allow":["GET"]}}],"collection":[{"href":"https:\/\/cocokitecolombia.com\/index.php\/wp-json\/wp\/v2\/pages"}],"about":[{"href":"https:\/\/cocokitecolombia.com\/index.php\/wp-json\/wp\/v2\/types\/page"}],"author":[{"embeddable":true,"href":"https:\/\/cocokitecolombia.com\/index.php\/wp-json\/wp\/v2\/users\/1"}],"replies":[{"embeddable":true,"href":"https:\/\/cocokitecolombia.com\/index.php\/wp-json\/wp\/v2\/comments?post=4602"}],"version-history":[{"count":4,"href":"https:\/\/cocokitecolombia.com\/index.php\/wp-json\/wp\/v2\/pages\/4602\/revisions"}],"predecessor-version":[{"id":4846,"href":"https:\/\/cocokitecolombia.com\/index.php\/wp-json\/wp\/v2\/pages\/4602\/revisions\/4846"}],"wp:attachment":[{"href":"https:\/\/cocokitecolombia.com\/index.php\/wp-json\/wp\/v2\/media?parent=4602"}],"curies":[{"name":"wp","href":"https:\/\/api.w.org\/{rel}","templated":true}]}}